{"id":16,"date":"2011-12-09T17:43:48","date_gmt":"2011-12-09T17:43:48","guid":{"rendered":"https:\/\/mastor.cl\/blog\/?page_id=16"},"modified":"2011-12-09T17:43:48","modified_gmt":"2011-12-09T17:43:48","slug":"soy-marcelo","status":"publish","type":"page","link":"https:\/\/mastor.cl\/2021\/soy-marcelo\/","title":{"rendered":"Curriculum"},"content":{"rendered":"<p>Licenciado en Sociolog\u00eda, Doctor en Ciencias Sociales por la Universidad de Chile, cuento con experticia en metodolog\u00edas cualitativas y cuantitativas, tanto en investigaci\u00f3n aplicada como en su docencia. \u00a0Habilidades en dise\u00f1o, gesti\u00f3n y coordinaci\u00f3n de proyectos sociales con enfoque participativo. He dise\u00f1ado, implementado y evaluado proyectos en el campo de las pol\u00edticas sociales, en especial las \u00e1reas de Juventud\/es, G\u00e9nero, Sexualidad y Cultura desde 1997. Dentro de mi formaci\u00f3n considero una gama diversa de disciplinas que van desde las herramientas financieras y contables aplicadas a los proyectos sociales (t\u00edtulo de Contador Auditor -1990-1993), formaci\u00f3n en Ciencias Sociales (Lic. Sociolog\u00eda 1993-1997), Humanidades (Estudios de Mag. en Filosof\u00eda 2004-2006) y Salud Mental (Post\u00edtulo en Psicoterapia Corporal Neoreichiana dirigido por la Dra. Liliana Acero 2007-2010).<\/p>\n<p>Estudi\u00e9 sociolog\u00eda en la Universidad de Chile entre los a\u00f1os 1993 y 1997.\u00a0En los \u00faltimos a\u00f1os me encuentro vinculado a\u00a0los\u00a0<a href=\"http:\/\/www2.facso.uchile.cl\/psicologia\/postgrado\/magister\/comunitaria\/claustro.html\">Programas de Magister de\u00a0Psicolog\u00eda\u00a0Comunitaria<\/a>\u00a0en la Universidad de Chile y\u00a0<a href=\"http:\/\/postgrados.uahurtado.cl\/programa\/magister-psicologia-social-mencion-en-intervencion-psicosocial-y-evaluacion-de-proyectos-sociales\/\">Magister en Psicolog\u00eda Social de la Universidad Alberto Hurtado<\/a> desarrollando labores de docencia realizando diversos talleres de investigaci\u00f3n.\u00a0 Desde el 2019, en la Universidad Metropolitana de Ciencias de la Educaci\u00f3n (UMCE) me desempe\u00f1o al alero del Departamento de Formaci\u00f3n Pedag\u00f3gica. Desde el a\u00f1o 2104 formo parte del colectivo de estudio: <a href=\"https:\/\/www.facebook.com\/grupo.ssmytrabajo\/\">Tripalio: salud mental y trabajo<\/a>.<\/p>\n<p><strong>EXPERIENCIA DOCENTE.<\/strong><\/p>\n<table style=\"height: 216px;\" width=\"608\">\n<tbody>\n<tr>\n<td width=\"41\">2015- a la fecha<\/td>\n<td width=\"412\">Profesor de Seminario de Investigaci\u00f3n I y II. Seminario de Tesis I y II.\u00a0Magister de Psicolog\u00eda social.\u00a0<strong>Universidad Alberto Hurtado<\/strong><\/td>\n<\/tr>\n<tr>\n<td width=\"41\">2015-a la fecha<\/td>\n<td width=\"412\">Profesor de curso de Metodolog\u00eda de Investigaci\u00f3n Cualitativa y Proyecto de Tesis.\u00a0Programa Mag\u00edster en Psicolog\u00eda Comunitaria.\u00a0<strong>Universidad de Chile<\/strong>.<\/td>\n<\/tr>\n<tr>\n<td width=\"41\">2019 a la fecha<\/td>\n<td width=\"412\">Profesor Departamento de Formaci\u00f3n Pedag\u00f3gica. UMCE.<\/td>\n<\/tr>\n<\/tbody>\n<\/table>\n<table style=\"color: #333333; font-style: normal; font-weight: 300;\" border=\"1\" cellspacing=\"0\" cellpadding=\"0\">\n<tbody>\n<tr>\n<td valign=\"top\" width=\"54\">2012-2013<\/td>\n<td valign=\"top\" width=\"549\">Profesor gu\u00eda y\/o Asesor Metodol\u00f3gico de Tesis del Programa Mag\u00edster en Sociologia .<strong>Universidad de Chile<\/strong>.<\/td>\n<\/tr>\n<\/tbody>\n<\/table>\n<table border=\"1\" cellspacing=\"0\" cellpadding=\"0\">\n<tbody>\n<tr>\n<td valign=\"top\" width=\"54\">2011<\/td>\n<td valign=\"top\" width=\"549\">Profesor gu\u00eda y\/o Asesor Metodol\u00f3gico de Tesis del Programa Mag\u00edster en Psicolog\u00eda Comunitaria.<strong>Universidad de Chile<\/strong>. 2006-2011.<\/td>\n<\/tr>\n<tr>\n<td valign=\"top\" width=\"54\">2010<\/td>\n<td valign=\"top\" width=\"549\">Profesor de M\u00e9todos Cualitativos de Investigaci\u00f3n I. Carrera de Sociolog\u00eda.<strong>Universidad de Chile<\/strong>. Segundo Semestre de 2010.<\/td>\n<\/tr>\n<tr>\n<td valign=\"top\" width=\"54\">2008<\/td>\n<td valign=\"top\" width=\"549\">Profesor de M\u00e9todos Cualitativos de Investigaci\u00f3n II. Carrera de Sociolog\u00eda.<strong>Universidad de Chile<\/strong>. Primer Semestre 2008.<\/td>\n<\/tr>\n<tr>\n<td valign=\"top\" width=\"54\">2007<\/td>\n<td valign=\"top\" width=\"549\">Profesor del Electivo An\u00e1lisis de Discurso en conjunto con el Dr. Manuel Canales. Mag\u00edster en Psicolog\u00eda Comunitaria.<strong>Universidad de Chile<\/strong>. 2005-2007<\/td>\n<\/tr>\n<tr>\n<td valign=\"top\" width=\"54\">2006<\/td>\n<td valign=\"top\" width=\"549\">Profesor Gu\u00eda de Tesis. Carrera de Trabajo Social.<strong>Universidad Santo Tom\u00e1s<\/strong>. 2005-2006<\/td>\n<\/tr>\n<tr>\n<td valign=\"top\" width=\"54\">2005<\/td>\n<td valign=\"top\" width=\"549\">Profesor Ayudante cursos\u00a0de Cierre. Postitulo en Trabajo Social para apoyos familiares del Programa Puente.<strong>Universidad de Chile<\/strong>. 2005.<\/td>\n<\/tr>\n<tr>\n<td valign=\"top\" width=\"54\">2005<\/td>\n<td valign=\"top\" width=\"549\">Profesor de M\u00e9todos Cualitativos de Investigaci\u00f3n. Carrera de Trabajo Social.<strong>Universidad Santo Tom\u00e1s<\/strong>. 2005.<\/td>\n<\/tr>\n<tr>\n<td valign=\"top\" width=\"54\">2005<\/td>\n<td valign=\"top\" width=\"549\">Asesor metodol\u00f3gico de Tesis. Carrera de Psicolog\u00eda.<strong>Universidad Internacional SEK<\/strong>. 2003-2005.<\/td>\n<\/tr>\n<tr>\n<td valign=\"top\" width=\"54\">2005<\/td>\n<td valign=\"top\" width=\"549\">Profesor de M\u00e9todos Cualitativos de Investigaci\u00f3n. Carrera de Psicolog\u00eda.<strong>Universidad Internacional SEK<\/strong>. 2003-2005.<\/td>\n<\/tr>\n<tr>\n<td valign=\"top\" width=\"54\">2003<\/td>\n<td valign=\"top\" width=\"549\">Profesor de Planificaci\u00f3n Estrat\u00e9gica y Trabajo de Grupo. Curso\u00a0para dirigentes sociales dela IV Regi\u00f3n.<strong>Universidad de Chile<\/strong>. 2003.<\/td>\n<\/tr>\n<tr>\n<td valign=\"top\" width=\"54\">2002<\/td>\n<td valign=\"top\" width=\"549\">Profesor Ayudante de Sociolog\u00eda General. Carrera de Psicolog\u00eda.<strong>Universidad Internacional SEK<\/strong>. 2002.<\/td>\n<\/tr>\n<tr>\n<td valign=\"top\" width=\"54\">2001<\/td>\n<td valign=\"top\" width=\"549\">Ayudante de Sociolog\u00eda General. Departamento de Sociolog\u00eda.<strong>Universidad de Chile<\/strong>.\u00a0 2001.<\/td>\n<\/tr>\n<tr>\n<td valign=\"top\" width=\"54\">2000<\/td>\n<td valign=\"top\" width=\"549\">Ayudante de An\u00e1lisis de Discurso. Departamento de Sociolog\u00eda.<strong>Universidad de Chile<\/strong>. 2000<\/td>\n<\/tr>\n<tr>\n<td valign=\"top\" width=\"54\">1999<\/td>\n<td valign=\"top\" width=\"549\">Ayudante de las c\u00e1tedras del Post\u00edtulo \u201cNuevos Enfoques para el Trabajo Social\u201d. Facultad de Ciencias Sociales.<strong>Universidad de Chile<\/strong>. 1999.<\/td>\n<\/tr>\n<tr>\n<td valign=\"top\" width=\"54\">1998<\/td>\n<td valign=\"top\" width=\"549\">Desarrollo y direcci\u00f3n de taller de Diagn\u00f3stico Organizacional dentro de la c\u00e1tedra de Sociolog\u00eda de las Organizaciones. Departamento de Sociolog\u00eda.<strong>Universidad de Chile<\/strong>. 1998.<\/td>\n<\/tr>\n<\/tbody>\n<\/table>\n<p><strong>Tesis guiadas metodologicamente en la Universidad de Chile.<\/strong><\/p>\n<table border=\"1\" cellspacing=\"0\" cellpadding=\"0\">\n<tbody>\n<tr>\n<td valign=\"top\" width=\"54\">2008<\/td>\n<td valign=\"top\" width=\"544\">Noci\u00f3n de comunidad: el caso de los campesinos del poblado de Ixcan en la zona selva, Chiapas, M\u00e9xico. V\u00e1zquez Guti\u00e9rrez, Ra\u00fal.<\/td>\n<\/tr>\n<tr>\n<td valign=\"top\" width=\"54\">2008<\/td>\n<td valign=\"top\" width=\"544\">Condiciones, limitaciones y potencialidades de la comunidad de canoa para el fortalecimiento del desarrollo tur\u00edstico local. Alc\u00edvar Hern\u00e1ndez, Maura.<\/td>\n<\/tr>\n<tr>\n<td valign=\"top\" width=\"54\">2009<\/td>\n<td valign=\"top\" width=\"544\">Reflexiones en torno a la integraci\u00f3n sociocomunitaria de personas con discapacidad intelectual \u00a0escuchando\u00a0 la voz de sus protagonistas. Cordeu Cuccia, Cecilia.<\/td>\n<\/tr>\n<tr>\n<td valign=\"top\" width=\"54\">2009<\/td>\n<td valign=\"top\" width=\"544\">Agencias internacionales y pol\u00edticas sociales: el caso de la educaci\u00f3n superior chilena. Coo Z\u00fa\u00f1iga, M\u00aa Paz.<\/td>\n<\/tr>\n<tr>\n<td valign=\"top\" width=\"54\">2009<\/td>\n<td valign=\"top\" width=\"544\">Diagn\u00f3stico del proyecto Reciclando por un Barrio Mejor en base a los discursos de sus impulsores y de los recolectores primarios. Gasaly Cohn, Carolina.<\/td>\n<\/tr>\n<tr>\n<td valign=\"top\" width=\"54\">2009<\/td>\n<td valign=\"top\" width=\"544\">Adulto mayor jubilado de clase media condiciones y transformaci\u00f3n\u00a0 de su calidad de vida. Iturra Michea, Ximena<\/td>\n<\/tr>\n<tr>\n<td valign=\"top\" width=\"54\">2009<\/td>\n<td valign=\"top\" width=\"544\">Inserci\u00f3n social y sentido de comunidad en la experiencia de inmigraci\u00f3n de los colombianos en Chile. Ulloa Moreno, Diana.<\/td>\n<\/tr>\n<tr>\n<td valign=\"top\" width=\"54\">2009<\/td>\n<td valign=\"top\" width=\"544\">Estudio del discurso que tienen las madres profesionales de \u00d1u\u00f1oa sobre jugar en la calle como espacio de socializaci\u00f3n para el ejercicio y desarrollo de ciudadan\u00eda en los ni\u00f1os,\u00a0 desde la perspectiva de derechos. M\u00e9ndez Vargas, Pamela.<\/td>\n<\/tr>\n<tr>\n<td valign=\"top\" width=\"54\">2009<\/td>\n<td valign=\"top\" width=\"544\">Estudio sobre la judializacion del conflicto social en \u00d1u\u00f1oa. Los efectos en la construcci\u00f3n de ciudadan\u00eda. P\u00e9rez Mart\u00ednez, Lis.\u00a0<a href=\"http:\/\/blog.pucp.edu.pe\/media\/3171\/20091130-Exposicion%20Lis%20Perez.pdf\">http:\/\/blog.pucp.edu.pe\/media\/3171\/20091130-Exposicion%20Lis%20Perez.pdf<\/a><\/td>\n<\/tr>\n<tr>\n<td valign=\"top\" width=\"54\">2009<\/td>\n<td valign=\"top\" width=\"544\">El discurso de los y las j\u00f3venes ambientalistas, veganos, vegetarianos y animalistas; y la construcci\u00f3n de la identidad juvenil. Vargas Seguel, Patricia Alexandra.<\/td>\n<\/tr>\n<tr>\n<td valign=\"top\" width=\"54\">2009<\/td>\n<td valign=\"top\" width=\"544\">Significados del aborto en hombres adolescentes que son parte de la comunidad Club Deportivo Real Eucalipto deLa Pintana.ValenzuelaSantib\u00e1\u00f1ez, M\u00aa Victoria.<\/td>\n<\/tr>\n<tr>\n<td valign=\"top\" width=\"54\">2009<\/td>\n<td valign=\"top\" width=\"544\">La construcci\u00f3n del discurso de \u00abComunidad\u00bb existente en el sector de Manquehue. Rodr\u00edguez Leighton, Jos\u00e9.<\/td>\n<\/tr>\n<tr>\n<td valign=\"top\" width=\"54\">2009<\/td>\n<td valign=\"top\" width=\"544\">Representaciones sociales de vivencias de homofobia en varones homosexuales de la ciudad de Concepci\u00f3n (VIII Regi\u00f3n), en el contexto de masculinidad hegem\u00f3nica de Chile. Farf\u00e1n V\u00e1squez, Andrea.<\/td>\n<\/tr>\n<tr>\n<td valign=\"top\" width=\"54\">2009<\/td>\n<td valign=\"top\" width=\"544\">\u00bfMejorar\u00e1 la calidad de vida de los beneficiarios del FSV? Reflexiones y experiencias desde la mirada de sus dirigentes. Donoso Marambio, Patricia.<\/td>\n<\/tr>\n<tr>\n<td valign=\"top\" width=\"54\">2009<\/td>\n<td valign=\"top\" width=\"544\">Equipos de tratamiento del consumo problem\u00e1tico de drogas de la red de salud: percepciones, dificultades y desaf\u00edos ante la ley N\u00ba20.084 sobre responsabilidad penal adolescente. Lobato Concha, M\u00f3nica.\u00a0<a href=\"http:\/\/www.cybertesis.cl\/tesis\/uchile\/2008\/lobato_m\/sources\/lobato_m.pdf\">http:\/\/www.cybertesis.cl\/tesis\/uchile\/2008\/lobato_m\/sources\/lobato_m.pdf<\/a><\/td>\n<\/tr>\n<\/tbody>\n<\/table>\n<p>Referencias: <a href=\"http:\/\/www.facso.uchile.cl\/psicologia\/postgrado\/magister\/comunitaria\/docs\/ca_pc.html\">http:\/\/www.facso.uchile.cl\/psicologia\/postgrado\/magister\/comunitaria\/docs\/ca_pc.html<\/a><\/p>\n<p><strong>PUBLICACIONES<\/strong><\/p>\n<ul>\n<li><em>\u00abCuarenta a\u00f1os de neoliberalismo. El sufrimiento laboral de la generaci\u00f3n nacida en dictadura\u00bb.<\/em> Autores: Astorga, M.; Guerrero, P.\u00a0 En libro <a href=\"https:\/\/drive.google.com\/open?id=153nkTSmlCg-wR-BkmCFWLfHms7iYiBrp\">Sociolog\u00eda Cl\u00ednica desde el Sur. Teor\u00eda\u2013Praxis<\/a>. Coordinadora Ana Mar\u00eda Ara\u00fajo. Editorial Psicolibros Universitario. Montevideo Uruguay. 2019.<\/li>\n<li><em style=\"font-weight: 300;\"><i><i>\u00abRelatar la Vida Laboral. Pistas para investigar el sufrimiento laboral en el capitalismo contempor\u00e1neo\u00bb<\/i> <\/i><\/em>escrito con Carolina Besoain, publicado en el libro: \u201c<a href=\"https:\/\/mastor.cl\/blog\/2017\/11\/libro-clinicas-del-trabajo-teoria-e-intervenciones\/\">Cl\u00ednicas del trabajo: Aproximaciones te\u00f3ricas y estrategias de intervenci\u00f3n<\/a>\u00bb editado por Ximena Zabala, Patricia Guerrero, Carolina Besoain. Universidad Alberto Hurtado 2017.<\/li>\n<li><em style=\"font-weight: 300;\"><i>\u00ab<a href=\"https:\/\/drive.google.com\/open?id=1Q3lpl7QivjvIrkeEtxWZJwmj55hQ624W\">Suicidio y Trabajo: Desaf\u00edos para la investigaci\u00f3n estad\u00edstica, te\u00f3rico-cl\u00ednica y jur\u00eddica<\/a>\u00ab<\/i>, <\/em>publicado en la revista Sulamericana de Psicolog\u00eda (Brasil), V4, N\u00ba1. Julio de 2016. Escrito en conjunto con Ximena Zabala, Psic\u00f3loga, Doctora en Psicoan\u00e1lisis y Pr\u00e1cticas Sociales, Laboratorio FRE 2788 (CNRS) y Universidad de Par\u00eds VII (Francia) y Nicol\u00e1s Canales Psic\u00f3logo. Mag\u00edster en Psicolog\u00eda Cl\u00ednica de la Universidad de Chile, coordinador del Programa de Riesgos Psicosociales en el Trabajo en la Unidad de Salud del Trabajador del Servicio de Salud Metropolitano Central.<\/li>\n<li><em style=\"font-weight: 300;\">\u00ab<a href=\"https:\/\/drive.google.com\/open?id=1W6iBbeQxaWgCIV02XET2sKDER8nr7IS2\">Elementos para la investigaci\u00f3n cr\u00edtica y compleja de la opini\u00f3n p\u00fablica en Chile<\/a>\u00ab<\/em><span style=\"font-weight: 300;\"> publicado en Anuario Electr\u00f3nico de Estudios en Comunicaci\u00f3n Social \u201cDisertaciones\u201d, 8(2), 08-27. En conjunto conVenegas, E., Gainza, C., Cottet, P., Cumsille, G., S\u00e1ez, C., Jim\u00e9nez, J. El Anuario Electr\u00f3nico de\u00a0Estudios en Comunicaci\u00f3n\u00a0Social \u00abDisertaciones\u00bb\u00a0(ISSN: 1856 &#8211; 9536).\u00a0<\/span><a style=\"font-weight: 300;\" href=\"http:\/\/revistas.urosario.edu.co\/index.php\/disertaciones\/article\/view\/4320\/3127\" data-saferedirecturl=\"https:\/\/www.google.com\/url?hl=es&amp;q=http:\/\/revistas.urosario.edu.co\/index.php\/disertaciones\/article\/view\/4320\/3127&amp;source=gmail&amp;ust=1473178972385000&amp;usg=AFQjCNGHmXUbPIiXFyV_Jg1c7mwnfmvQWA\">http:\/\/revistas.urosario.edu.co\/index.php\/disertaciones\/article\/view\/4320\/3127<\/a><\/li>\n<li>Astorga, Marcelo; Padilla, Katya. <a href=\"https:\/\/mastor.cl\/blog\/2012\/07\/derechos-culturales-e-industrias-creativas-ponencia-en-iccpr2012-barcelona\/\"><strong style=\"color: #000000; font-style: normal;\">Cultural policies on creative industries in Latin America. The Challenge to Incorporate the Cultural Rights Approach<\/strong><\/a>. VII International Conference on Cultural Policy Research. Barcelona. 2012. 15 pp.<\/li>\n<li>Navarrete, Loreto; Matus, Christian; Astorga, Marcelo; Agurto, Irene (Eds.): <strong style=\"color: #000000; font-style: normal;\"><em><a href=\"https:\/\/mastor.cl\/blog\/2011\/12\/estudio-identidad-region-metropolitana\/\">Santiago 2021: Regi\u00f3n Multicultural. Identidades para el Desarrollo de la Regi\u00f3n Pos-Bicentenario<\/a>.<\/em><\/strong> Fundaci\u00f3n Ideas \u2013 Gobierno Regional Metropolitano, marzo de 2010.\u00a0 150 pp.<\/li>\n<li>Astorga, Marcelo; Canales, Carmen; Navarrete, Loreto:\u00a0 <strong><em><a href=\"https:\/\/mastor.cl\/blog\/2011\/12\/guia-para-proyectos-culturales-barriales-2009\/\">Gu\u00eda para L\u00edderes Art\u00edsticos y Culturales de Barrios<\/a>.<\/em><\/strong> Programa Creando Chile en mi Barrio, CNCA \u2013 Fundaci\u00f3n Ideas. Agosto de 2009.\u00a0 92 pp.<\/li>\n<li>Astorga, Marcelo; Canales, Manuel: <strong><em>Retrato de sociedad 2003<\/em><\/strong>. Observatorio de Opini\u00f3n P\u00fablica. Fundaci\u00f3n Ideas 2004. 50 pp.<\/li>\n<li>Astorga, Marcelo; Canales, Manuel; Cortes, Alejandra. <strong><em>15 a\u00f1os de Fundaci\u00f3n Ideas. 1988-2003<\/em><\/strong>. Fundaci\u00f3n Ideas. 2003.\u00a0 100 pp.<\/li>\n<li><a href=\"https:\/\/drive.google.com\/open?id=1OokOX1XJI7YVgt4RMtX5WqyPt-t4_rf-\">Astorga, Marcelo; Manuel Canales, Cristobal Rovira: <strong><em>Discriminaci\u00f3n e Intolerancia: reflexiones para el debate<\/em><\/strong><\/a>. Con En: Segunda Encuesta Intolerancia y Discriminaci\u00f3n. Informe y An\u00e1lisis. Fundaci\u00f3n Ideas &#8211; Departamento de Sociolog\u00eda dela Universidad de Chile. 2002. 10 pp.<\/li>\n<li>Astorga, Marcelo; Manuel Canales; Jorge Luzoro; Pablo Valdivieso: <strong>Consumo de tabaco entre adolescentes <\/strong>escolarizados. Revista Enfoques Educacionales. Universidad de Chile. A\u00f1o 2000. 25 pp.<\/li>\n<\/ul>\n","protected":false},"excerpt":{"rendered":"<p>Licenciado en Sociolog\u00eda, Doctor en Ciencias Sociales por la Universidad de Chile, cuento con experticia en metodolog\u00edas cualitativas y cuantitativas, tanto en investigaci\u00f3n aplicada como en su docencia. \u00a0Habilidades en dise\u00f1o, gesti\u00f3n y coordinaci\u00f3n de proyectos sociales con enfoque participativo. He dise\u00f1ado, implementado y evaluado proyectos en el campo de las pol\u00edticas sociales, en especial&hellip;&nbsp;<a href=\"https:\/\/mastor.cl\/2021\/soy-marcelo\/\" rel=\"bookmark\">Leer m\u00e1s &raquo;<span class=\"screen-reader-text\">Curriculum<\/span><\/a><\/p>\n","protected":false},"author":2,"featured_media":0,"parent":0,"menu_order":0,"comment_status":"open","ping_status":"open","template":"","meta":{"neve_meta_sidebar":"","neve_meta_container":"","neve_meta_enable_content_width":"","neve_meta_content_width":0,"neve_meta_title_alignment":"","neve_meta_author_avatar":"","neve_post_elements_order":"","neve_meta_disable_header":"","neve_meta_disable_footer":"","neve_meta_disable_title":"","footnotes":""},"class_list":["post-16","page","type-page","status-publish","hentry"],"_links":{"self":[{"href":"https:\/\/mastor.cl\/2021\/wp-json\/wp\/v2\/pages\/16","targetHints":{"allow":["GET"]}}],"collection":[{"href":"https:\/\/mastor.cl\/2021\/wp-json\/wp\/v2\/pages"}],"about":[{"href":"https:\/\/mastor.cl\/2021\/wp-json\/wp\/v2\/types\/page"}],"author":[{"embeddable":true,"href":"https:\/\/mastor.cl\/2021\/wp-json\/wp\/v2\/users\/2"}],"replies":[{"embeddable":true,"href":"https:\/\/mastor.cl\/2021\/wp-json\/wp\/v2\/comments?post=16"}],"version-history":[{"count":0,"href":"https:\/\/mastor.cl\/2021\/wp-json\/wp\/v2\/pages\/16\/revisions"}],"wp:attachment":[{"href":"https:\/\/mastor.cl\/2021\/wp-json\/wp\/v2\/media?parent=16"}],"curies":[{"name":"wp","href":"https:\/\/api.w.org\/{rel}","templated":true}]}}