{"id":21,"date":"2011-12-09T17:45:58","date_gmt":"2011-12-09T17:45:58","guid":{"rendered":"https:\/\/mastor.cl\/blog\/?page_id=21"},"modified":"2011-12-09T17:45:58","modified_gmt":"2011-12-09T17:45:58","slug":"documentos","status":"publish","type":"page","link":"https:\/\/mastor.cl\/2021\/documentos\/","title":{"rendered":"Estudios"},"content":{"rendered":"<p>El sitio alberga\u00a0<em><strong>ESTUDIOS REALIZADOS <\/strong>como parte de equipo de investigadora\/es en la Universidad de Chile y otros centros de pensamiento. <strong>Desactualizado.<\/strong><\/em><\/p>\n<p><a href=\"https:\/\/drive.google.com\/open?id=1nG2tLnadnqkU9FZW7bEEMv72kukdqqRs\">MILODON Estudios<\/a>.<\/p>\n<p><strong><em>Santiago 2021: Regi\u00f3n Multicultural. Identidades para el Desarrollo de la Regi\u00f3n Pos-Bicentenario.<\/em><\/strong>\u00a0Navarrete, Loreto; Matus, Christian; Astorga, Marcelo; Agurto, Irene (Eds.).\u00a0Fundaci\u00f3n Ideas \u2013 Gobierno Regional Metropolitano, marzo de 2010.\u00a0 150 pp.\u00a0<strong><a href=\"https:\/\/mastor.cl\/blog\/2011\/12\/estudio-identidad-region-metropolitana\/\">https:\/\/mastor.cl\/blog\/2011\/12\/estudio-identidad-region-metropolitana\/<\/a><\/strong><\/p>\n<p><strong>Encuesta Telef\u00f3nica Santiagomasregi\u00f3n. <\/strong>Material de apoyo al proyecto de fortalecimiento de la identidad regional de la RM. <strong><a href=\"https:\/\/mastor.cl\/2021\/wp-content\/uploads\/2011\/12\/Informe-Encuesta-SantiagomasRegion2009.pdf\">Informe Encuesta SantiagomasRegion2009<\/a><\/strong><\/p>\n<p><strong>Encuesta Telef\u00f3nica Proyecto de Ley Antidiscriminaci\u00f3n 2007.\u00a0<\/strong>En el marco de la discusi\u00f3n parlamentaria sobre la LeyAntidiscriminaci\u00f3nse dise\u00f1\u00f3 un instrumento que permitiera arrojar insumos sobre la opini\u00f3n p\u00fablica en esta materia. Para este efecto se aplic\u00f3 una encuesta telef\u00f3nica de 400 casos en la Regi\u00f3nMetropolitana en marzo de 2009. El proyecto arroj\u00f3 un informe de an\u00e1lisis que fue entregado a los tomadores de decisi\u00f3n. <strong><a href=\"https:\/\/mastor.cl\/2021\/wp-content\/uploads\/2011\/12\/Informe-Sintesis-Encuesta-Ley-Antidiscriminacion-marzo-2009.pdf\">Informe Sintesis Encuesta Ley Antidiscriminacion marzo 2009<\/a><\/strong><\/p>\n<p><strong>Encuesta telef\u00f3nica deudas democr\u00e1ticas y\u00a0demandas ciudadanas (2008).\u00a0<\/strong>A fines del 2008 la\/os ciudadana\/os en Chile\u00a0se enfrentaban nuevamente a elecciones municipales. Adem\u00e1s se conmemoraban 20 a\u00f1os del plesbicito que dio pie al actual sistema pol\u00edtico. El estudio indaga en el votante de 1988 y sus preferencias y deudas\u00a0actuales.<strong>\u00a0<a href=\"https:\/\/mastor.cl\/2021\/wp-content\/uploads\/2011\/12\/Encuesta-Deudas-democraticas-y-elecciones-municipales.-20082.pdf\">Encuesta Deudas democraticas y elecciones municipales. 2008<\/a>\u00a0<\/strong><\/p>\n<p><strong>Direcci\u00f3n de Grupos de Discusi\u00f3n<\/strong>. Informe de Desarrollo Humano PNUD 2006.\u00a0<strong><a href=\"http:\/\/www.desarrollohumano.cl\/informe-2006\/informe-2006-COMPLETO.pdf\">http:\/\/www.desarrollohumano.cl\/informe-2006\/informe-2006-COMPLETO.pdf<\/a><\/strong><\/p>\n<p><strong>Estudio de Conversaciones sobre las Pr\u00e1cticas\u00a0 de Intervenci\u00f3n en materia de Convivencia y Apoyo Psicosocial para Estudiantes de Ense\u00f1anza Media de LPT<\/strong>. PNUD. 2005<\/p>\n<p><strong>Estudio<\/strong><span class=\"Apple-style-span\" style=\"color: #000000; font-weight: bold;\">\u00a0cualitativo sobre Mercadeo social del cond\u00f3n masculino. A\u00f1o 2005.\u00a0<\/span><strong><a href=\"https:\/\/mastor.cl\/blog\/2011\/12\/estudio-cualitativo-sobre-el-condon-masculino\/\">https:\/\/mastor.cl\/blog\/2011\/12\/estudio-cualitativo-sobre-el-condon-masculino\/<\/a><\/strong><\/p>\n<p><strong>Estudio Caracterizaci\u00f3n de factores de riesgo y vulnerabilidad frente al VIH\/Sida en J\u00f3venes<\/strong>. Universidad de Chile-Conasida. 2005. Publicado como J\u00f3venes y Sexualidad (2007).<strong>\u00a0<a href=\"https:\/\/mastor.cl\/blog\/2011\/12\/estudio-riesgo-de-adquirir-vihsida-en-jovenes-220-paginas-2005\/\">https:\/\/mastor.cl\/blog\/2011\/12\/estudio-riesgo-de-adquirir-vihsida-en-jovenes-220-paginas-2005\/<\/a><\/strong><\/p>\n<p><strong>Estudio Evaluaci\u00f3n del Estado de Avance del Sistema Chile Solidario<\/strong>. Ministerio de Planificaci\u00f3n y Cooperaci\u00f3n. 2004.<strong>\u00a0<a href=\"https:\/\/mastor.cl\/blog\/2011\/12\/estudio-evaluacion-del-sistema-chile-solidario-51-paginas-2004\/\">https:\/\/mastor.cl\/blog\/2011\/12\/estudio-evaluacion-del-sistema-chile-solidario-51-paginas-2004\/<\/a><\/strong><\/p>\n<p><strong>Direcci\u00f3n de Grupos de Discusi\u00f3n<\/strong>. Informe de Desarrollo Humano 2004.\u00a0PNUD. 2004\u00a0<strong><a href=\"http:\/\/www.pnud.cl\/publicaciones\/IDH-2004.pdf\">http:\/\/www.pnud.cl\/publicaciones\/IDH-2004.pdf<\/a><\/strong><\/p>\n<p><strong>Estudio Cualitativo sobre Din\u00e1micas de Pobreza<\/strong>. Ministerio de Planificaci\u00f3n y Cooperaci\u00f3n.2003.<strong>\u00a0<a href=\"https:\/\/mastor.cl\/blog\/2011\/12\/estudio-cualitativo-sobre-dinamicas-de-pobreza-38-paginas-2003\/\">https:\/\/mastor.cl\/blog\/2011\/12\/estudio-cualitativo-sobre-dinamicas-de-pobreza-38-paginas-2003\/<\/a><\/strong><\/p>\n<p><strong><em>Estudio Retrato de sociedad 2003<\/em><\/strong>. Observatorio de Opini\u00f3n P\u00fablica.\u00a0Astorga, Marcelo; Canales, Manuel:Fundaci\u00f3n Ideas 2004. 50 pp.<\/p>\n<p><strong>Estudio\u00a0<\/strong><strong>15 a\u00f1os de Fundaci\u00f3n Ideas<\/strong><em>. 1988-2003<\/em>.\u00a0\u00a0Astorga, Marcelo; Canales, Manuel; Cortes, Alejandra.Fundaci\u00f3n Ideas. 2003.\u00a0 100 pp.<\/p>\n<p><strong>La encuesta telef\u00f3nica<\/strong>: un estudio comparativo en materias de alta reactividad. Vicerrector\u00eda Acad\u00e9mica Estudiantil. Universidad de Chile. 2002<\/p>\n<p><strong>Proyecto Observatorio Social<\/strong> \u201cEl juicio ciudadano a las pol\u00edticas sociales\u201d. Ministerio de Planificaci\u00f3n y Cooperaci\u00f3n. 2002\u00a0<strong><a href=\"https:\/\/mastor.cl\/blog\/2011\/12\/estudio-el-juicio-ciudadano-a-las-politicas-sociales-87-paginas-2002\/\">https:\/\/mastor.cl\/blog\/2011\/12\/estudio-el-juicio-ciudadano-a-las-politicas-sociales-87-paginas-2002\/<\/a><\/strong><\/p>\n<p><strong><em>Estudio Discriminaci\u00f3n e Intolerancia.\u00a0<\/em><\/strong>En: Segunda Encuesta Intolerancia y Discriminaci\u00f3n. Informe y An\u00e1lisis. Fundaci\u00f3n Ideas &#8211; Departamento de Sociolog\u00eda dela Universidad de Chile. 2002.\u00a0Astorga, Marcelo; Manuel Canales, Cristobal Rovira:\u00a010 pp.\u00a0<strong><a href=\"https:\/\/mastor.cl\/2021\/wp-content\/uploads\/2011\/12\/Encuesta-Discriminacion-Intolerancia-II.-Encuesta.-Ideas-Uchile-2002.pdf\">Encuesta Discriminacion Intolerancia II. Encuesta. Ideas Uchile 2002<\/a><\/strong><\/p>\n<p><strong>Estudio Evaluaci\u00f3n y Seguimiento del Programa Mujeres Trabajadoras Temporeras 1998\/99<\/strong>.\u00a0 Sernam. 1999.<\/p>\n<p><strong>Estudio Impacto percibido en torno a la meta del 42% de Inversi\u00f3n de Decisi\u00f3n Regional<\/strong>. Investigaci\u00f3n\u00a0 Cualitativa. SUBDERE. Ministerio del Interior.1999.<\/p>\n<p><strong>Estudio Adquisici\u00f3n del Comportamiento de fumar en escolares chilenos<\/strong>. Vicerrector\u00eda Acad\u00e9mica Estudiantil. Universidad de Chile. 1998.<\/p>\n<p><strong>Estudio de diagn\u00f3stico y redise\u00f1o organizacional de la Direcci\u00f3n de Asuntos Estudiantiles DAE<\/strong>. Universidad de Chile. 1998<\/p>\n<p><strong>Evaluaci\u00f3n del uso y recepci\u00f3n de los nuevos textos escolares para la Educaci\u00f3n Media<\/strong>. Programa Mece-Media. Ministerio de Educaci\u00f3n. 1997<\/p>\n","protected":false},"excerpt":{"rendered":"<p>El sitio alberga\u00a0ESTUDIOS REALIZADOS como parte de equipo de investigadora\/es en la Universidad de Chile y otros centros de pensamiento. Desactualizado. MILODON Estudios. Santiago 2021: Regi\u00f3n Multicultural. Identidades para el Desarrollo de la Regi\u00f3n Pos-Bicentenario.\u00a0Navarrete, Loreto; Matus, Christian; Astorga, Marcelo; Agurto, Irene (Eds.).\u00a0Fundaci\u00f3n Ideas \u2013 Gobierno Regional Metropolitano, marzo de 2010.\u00a0 150 pp.\u00a0https:\/\/mastor.cl\/blog\/2011\/12\/estudio-identidad-region-metropolitana\/ Encuesta Telef\u00f3nica&hellip;&nbsp;<a href=\"https:\/\/mastor.cl\/2021\/documentos\/\" rel=\"bookmark\">Leer m\u00e1s &raquo;<span class=\"screen-reader-text\">Estudios<\/span><\/a><\/p>\n","protected":false},"author":2,"featured_media":0,"parent":0,"menu_order":0,"comment_status":"open","ping_status":"open","template":"","meta":{"neve_meta_sidebar":"","neve_meta_container":"","neve_meta_enable_content_width":"","neve_meta_content_width":0,"neve_meta_title_alignment":"","neve_meta_author_avatar":"","neve_post_elements_order":"","neve_meta_disable_header":"","neve_meta_disable_footer":"","neve_meta_disable_title":"","footnotes":""},"class_list":["post-21","page","type-page","status-publish","hentry"],"_links":{"self":[{"href":"https:\/\/mastor.cl\/2021\/wp-json\/wp\/v2\/pages\/21","targetHints":{"allow":["GET"]}}],"collection":[{"href":"https:\/\/mastor.cl\/2021\/wp-json\/wp\/v2\/pages"}],"about":[{"href":"https:\/\/mastor.cl\/2021\/wp-json\/wp\/v2\/types\/page"}],"author":[{"embeddable":true,"href":"https:\/\/mastor.cl\/2021\/wp-json\/wp\/v2\/users\/2"}],"replies":[{"embeddable":true,"href":"https:\/\/mastor.cl\/2021\/wp-json\/wp\/v2\/comments?post=21"}],"version-history":[{"count":0,"href":"https:\/\/mastor.cl\/2021\/wp-json\/wp\/v2\/pages\/21\/revisions"}],"wp:attachment":[{"href":"https:\/\/mastor.cl\/2021\/wp-json\/wp\/v2\/media?parent=21"}],"curies":[{"name":"wp","href":"https:\/\/api.w.org\/{rel}","templated":true}]}}