{"id":3860,"date":"2019-08-09T12:02:05","date_gmt":"2019-08-09T12:02:05","guid":{"rendered":"https:\/\/mastor.cl\/blog\/?page_id=3860"},"modified":"2019-08-09T12:02:05","modified_gmt":"2019-08-09T12:02:05","slug":"generaciones","status":"publish","type":"page","link":"https:\/\/mastor.cl\/2021\/generaciones\/","title":{"rendered":"Generaciones"},"content":{"rendered":"\n<figure class=\"wp-block-gallery columns-1 is-cropped wp-block-gallery-1 is-layout-flex wp-block-gallery-is-layout-flex\"><ul class=\"blocks-gallery-grid\"><li class=\"blocks-gallery-item\"><figure><img loading=\"lazy\" decoding=\"async\" width=\"1002\" height=\"718\" src=\"https:\/\/mastor.cl\/2021\/wp-content\/uploads\/2019\/08\/Captura-de-pantalla-2019-08-09-a-las-12.06.19.png\" alt=\"\" data-id=\"3863\" data-link=\"https:\/\/mastor.cl\/blog\/generaciones\/captura-de-pantalla-2019-08-09-a-las-12-06-19\/\" class=\"wp-image-3863\" srcset=\"https:\/\/mastor.cl\/2021\/wp-content\/uploads\/2019\/08\/Captura-de-pantalla-2019-08-09-a-las-12.06.19.png 1002w, https:\/\/mastor.cl\/2021\/wp-content\/uploads\/2019\/08\/Captura-de-pantalla-2019-08-09-a-las-12.06.19-300x215.png 300w, https:\/\/mastor.cl\/2021\/wp-content\/uploads\/2019\/08\/Captura-de-pantalla-2019-08-09-a-las-12.06.19-768x550.png 768w, https:\/\/mastor.cl\/2021\/wp-content\/uploads\/2019\/08\/Captura-de-pantalla-2019-08-09-a-las-12.06.19-419x300.png 419w\" sizes=\"auto, (max-width: 1002px) 100vw, 1002px\" \/><\/figure><\/li><\/ul><\/figure>\n\n\n\n<p>\u00bf\u00bbMillenials\u00bb?. \u00abEstas nomenclaturas, tal como circulan hoy en los medios de comunicaci\u00f3n de masas, no operan como categor\u00edas cient\u00edficas. Porque se dice cualquier cosa sobre lo que ser\u00eda un millennial, un Y o un Z, no hay el m\u00e1s m\u00ednimo consenso sobre su ubicaci\u00f3n, car\u00e1cter y cobertura, y se muestra poco o nada de trabajo emp\u00edrico que respalde lo que se dice, o al menos que avale o adapte el traslado de su uso a la realidad latinoamericana y chilena. Por otro lado, su uso cotidiano destaca fundamentalmente como estigma de lo que desde tiempos pret\u00e9ritos se ha llamado el \u201cjoven problema\u201d. Por lo mismo, son muchos los que al tratar de definir defectos en un joven particular, como la irresponsabilidad, la inconstancia o la indolencia, no encuentran nada mejor que englobar dichos defectos como marca generacional \u201ces que el muchacho es millennial\u201d. &nbsp;Pero no nos confundamos, han sido varios los cientistas sociales que han producido conocimiento a partir de la categor\u00eda generaci\u00f3n, y lo han hecho seriamente y conscientes de las posibilidades y l\u00edmites de un enfoque generacional. C\u00f3mo dir\u00eda un cl\u00e1sico de la sociolog\u00eda, Karl Mannheim, la generaci\u00f3n es una categor\u00eda que resulta \u00fatil si se problematiza en funci\u00f3n de la complejidad social y la historia. Por s\u00ed misma no responde nada, hay que utilizarla atendiendo a los contextos y a las m\u00faltiples diferenciaciones, confrontaciones y desigualdades que se producen socialmente. De lo contrario, estamos haciendo una suerte de \u201chor\u00f3scopo chino\u201d. O lo que es peor: un comod\u00edn conceptual para estigmatizar a los j\u00f3venes\u00bb. Victor Mu\u00f1oz Tamayo. Historiador, Director Centro de Estudios de la Juventud, Universidad Cat\u00f3lica Silva Henr\u00edquez. <a href=\"https:\/\/www.eldesconcierto.cl\/2017\/11\/26\/generacion-millennial-y-y-z-categorias-cientificas-palabras-de-moda-o-estigmatizaciones\/\">Columna<\/a>.<\/p>\n\n\n\n<p>El concepto de generaci\u00f3n tiene una rica tradici\u00f3n en Cs Sociales: Comte (1842), Dilthey (1883), Mannheim (1928), Ortega y Gasset (1933), Sauvy (1959), Mendel (1971), Abrams (1982),  Attias-Donfut (1988), Bauman (2007), entre otros. Curiosamente, su popularizaci\u00f3n actual no proviene de ella, si no por fuera, de parte de dos consultores: William Strauss (director de Teatro) y Neil Howe (con estudios en literatura) en un discutible proyecto, ambos autores publican un best seller en 1991 que reconstruye la historia de USA en base a generaciones seg\u00fan fechas de nacimiento, perspectiva que justifican teoricamente aludiendo a Ortega y Gasset y Mannheim: \u00bb Our theory of generations is, in effect, two related theories, the merging of two separate traditions of scholarship. First, building on the \u00abgenerations approach\u00bb (a mostly European school of sociology pioneered by Karl Mannheim, Jose Ortega y Gasset, and others)\u00bb. Al menos curioso (Jose y Karl, revolc\u00e1ndose en sus tumbas). <\/p>\n\n\n\n<figure class=\"wp-block-image\"><img loading=\"lazy\" decoding=\"async\" width=\"630\" height=\"311\" src=\"https:\/\/mastor.cl\/2021\/wp-content\/uploads\/2019\/08\/Captura-de-pantalla-2019-08-11-a-las-22.35.19.png\" alt=\"\" class=\"wp-image-3867\" srcset=\"https:\/\/mastor.cl\/2021\/wp-content\/uploads\/2019\/08\/Captura-de-pantalla-2019-08-11-a-las-22.35.19.png 630w, https:\/\/mastor.cl\/2021\/wp-content\/uploads\/2019\/08\/Captura-de-pantalla-2019-08-11-a-las-22.35.19-300x148.png 300w, https:\/\/mastor.cl\/2021\/wp-content\/uploads\/2019\/08\/Captura-de-pantalla-2019-08-11-a-las-22.35.19-500x247.png 500w\" sizes=\"auto, (max-width: 630px) 100vw, 630px\" \/><\/figure>\n\n\n\n<p>Esto considerando que <strong>Mannheim<\/strong> inicia su articulo de 1928 denominado \u00abel problema de las generaciones\u00bb, justamente criticando el enfoque positivista. Sobre los positivistas dice: \u00abHab\u00eda algo com\u00fan en el planteamiento que todos ellos hac\u00edan del problema. En el fondo de la cuesti\u00f3n estaba el af\u00e1n por encontrar una <em>ley general <\/em>del ritmo de la historia, y de encontrarla a base de la ley biol\u00f3gica de la limitada duraci\u00f3n de la vida del hombre y del hecho de la edad y sus etapas\u00bb.  Las cursivas en el original.<\/p>\n\n\n\n<figure class=\"wp-block-image\"><img loading=\"lazy\" decoding=\"async\" width=\"664\" height=\"194\" src=\"https:\/\/mastor.cl\/2021\/wp-content\/uploads\/2019\/08\/Captura-de-pantalla-2019-08-11-a-las-22.40.24.png\" alt=\"\" class=\"wp-image-3868\" srcset=\"https:\/\/mastor.cl\/2021\/wp-content\/uploads\/2019\/08\/Captura-de-pantalla-2019-08-11-a-las-22.40.24.png 664w, https:\/\/mastor.cl\/2021\/wp-content\/uploads\/2019\/08\/Captura-de-pantalla-2019-08-11-a-las-22.40.24-300x88.png 300w, https:\/\/mastor.cl\/2021\/wp-content\/uploads\/2019\/08\/Captura-de-pantalla-2019-08-11-a-las-22.40.24-500x146.png 500w\" sizes=\"auto, (max-width: 664px) 100vw, 664px\" \/><\/figure>\n\n\n\n<p><\/p>\n\n\n\n<p>Como bien rese\u00f1an <a href=\"http:\/\/www.psicoperspectivas.cl\/index.php\/psicoperspectivas\/article\/view\/1377\/947\">Zavala y Frias (2018)<\/a>: \u00abStrauss y Howe utilizaron una perspectiva hist\u00f3rica para levantar las categor\u00edas generacionales, basada en el an\u00e1lisis de la historia de Estados Unidos, partiendo desde Inglaterra, desde el a\u00f1o 1500 hasta la actualidad, con un af\u00e1n predictivo, definiendo cinco arquetipos en base a los cuales se construyen categor\u00edas generacionales epocales. En la actualidad, los cinco grupos identificados son: Silentes o Veteranos, Baby Boomers, Generaci\u00f3n X, Millennials, y Homelanders, asoci\u00e1ndoles a cada uno ciertos valores y expectativas\u00bb . <\/p>\n\n\n\n<p>Lo notable de Strauss y Howe es haber logrado un importante exito en base a un texto de cerca de 500 paginas que recorre la historia de USA y m\u00e1s all\u00e1 (Beyond &#8211; 2069) instalando la idea de ciclos y arquetipos. Es nuestra responsabilidad entonces, el hacernos cargo de como evitar transplantar conceptos para otras realidades sin vigilancia epistemol\u00f3gica, sobretodo cuando no tienen que ver con nuestra historia.  <\/p>\n\n\n\n<p>Otro extracto del libro de Strauss y Howe:<\/p>\n\n\n\n<figure class=\"wp-block-image\"><img loading=\"lazy\" decoding=\"async\" width=\"971\" height=\"735\" src=\"https:\/\/mastor.cl\/2021\/wp-content\/uploads\/2019\/08\/iNDICE.png\" alt=\"\" class=\"wp-image-3869\" srcset=\"https:\/\/mastor.cl\/2021\/wp-content\/uploads\/2019\/08\/iNDICE.png 971w, https:\/\/mastor.cl\/2021\/wp-content\/uploads\/2019\/08\/iNDICE-300x227.png 300w, https:\/\/mastor.cl\/2021\/wp-content\/uploads\/2019\/08\/iNDICE-768x581.png 768w, https:\/\/mastor.cl\/2021\/wp-content\/uploads\/2019\/08\/iNDICE-396x300.png 396w\" sizes=\"auto, (max-width: 971px) 100vw, 971px\" \/><\/figure>\n\n\n\n\n\n<p>Ver Documental <a href=\"http:\/\/cinetecavirtual.uchile.cl\/cineteca\/index.php\/Detail\/objects\/2375\">Descomedidos y Chascones (1973)<\/a>.<\/p>\n\n\n\n<figure class=\"wp-block-image size-large\"><img loading=\"lazy\" decoding=\"async\" width=\"1024\" height=\"609\" src=\"https:\/\/mastor.cl\/2021\/wp-content\/uploads\/2021\/03\/image-1-1024x609.png\" alt=\"\" class=\"wp-image-4478\" srcset=\"https:\/\/mastor.cl\/2021\/wp-content\/uploads\/2021\/03\/image-1-1024x609.png 1024w, https:\/\/mastor.cl\/2021\/wp-content\/uploads\/2021\/03\/image-1-300x178.png 300w, https:\/\/mastor.cl\/2021\/wp-content\/uploads\/2021\/03\/image-1-768x457.png 768w, https:\/\/mastor.cl\/2021\/wp-content\/uploads\/2021\/03\/image-1-500x297.png 500w, https:\/\/mastor.cl\/2021\/wp-content\/uploads\/2021\/03\/image-1.png 1032w\" sizes=\"auto, (max-width: 1024px) 100vw, 1024px\" \/><\/figure>\n\n\n\n<p>Retrata j\u00f3venes de distintas clases sociales y pol\u00edticas, y recoge sus impresiones sobre el contexto en el que viven.&nbsp;El documental, filmado entre 1971 y 1972, se nutre de las convulsiones y transformaciones que suceden a nivel social en la juventud.<\/p>\n\n\n\n<figure class=\"wp-block-image size-large\"><img loading=\"lazy\" decoding=\"async\" width=\"1024\" height=\"308\" src=\"https:\/\/mastor.cl\/2021\/wp-content\/uploads\/2021\/03\/image-1024x308.png\" alt=\"\" class=\"wp-image-4472\" srcset=\"https:\/\/mastor.cl\/2021\/wp-content\/uploads\/2021\/03\/image-1024x308.png 1024w, https:\/\/mastor.cl\/2021\/wp-content\/uploads\/2021\/03\/image-300x90.png 300w, https:\/\/mastor.cl\/2021\/wp-content\/uploads\/2021\/03\/image-768x231.png 768w, https:\/\/mastor.cl\/2021\/wp-content\/uploads\/2021\/03\/image-500x150.png 500w, https:\/\/mastor.cl\/2021\/wp-content\/uploads\/2021\/03\/image.png 1194w\" sizes=\"auto, (max-width: 1024px) 100vw, 1024px\" \/><figcaption><a href=\"https:\/\/www.latercera.com\/paula\/claudio-duarte-sociologo-lo-contrario-del-adultocentrismo-es-colaboracion-dialogo-y-justicia-intergeneracional\/\" target=\"_blank\" rel=\"noreferrer noopener\">https:\/\/www.latercera.com\/paula\/claudio-duarte-sociologo-lo-contrario-del-adultocentrismo-es-colaboracion-dialogo-y-justicia-intergeneracional\/<\/a><br><\/figcaption><\/figure>\n\n\n\n<p><strong>Tras las lineas. Podcast Programa M.A Garret\u00f3n.<\/strong> <\/p>\n\n\n\n<figure class=\"wp-block-embed-spotify wp-block-embed is-type-rich is-provider-spotify wp-embed-aspect-21-9 wp-has-aspect-ratio\"><div class=\"wp-block-embed__wrapper\">\n<iframe title=\"Spotify Embed: Tras las L\u00edneas 43: Las diversas formas de hacerse joven en la sociedad [con Claudio Duarte]\" style=\"border-radius: 12px\" width=\"100%\" height=\"152\" frameborder=\"0\" allowfullscreen allow=\"autoplay; clipboard-write; encrypted-media; fullscreen; picture-in-picture\" loading=\"lazy\" src=\"https:\/\/open.spotify.com\/embed\/episode\/3Os5abk0tH4ThQrG2CFzrp?si=jIigvSk-T9unAjf9gYVZuQ&#038;utm_source=oembed\"><\/iframe>\n<\/div><\/figure>\n\n\n\n<figure class=\"wp-block-embed-youtube wp-block-embed is-type-video is-provider-youtube wp-embed-aspect-16-9 wp-has-aspect-ratio\"><div class=\"wp-block-embed__wrapper\">\n<div class=\"nv-iframe-embed\"><iframe loading=\"lazy\" title=\"Saltar el torniquete. Reflexiones desde las juventudes de octubre: La (re) vuelta de los que sobran\" width=\"1200\" height=\"675\" src=\"https:\/\/www.youtube.com\/embed\/eplBjabTl18?feature=oembed\" frameborder=\"0\" allow=\"accelerometer; autoplay; clipboard-write; encrypted-media; gyroscope; picture-in-picture; web-share\" allowfullscreen><\/iframe><\/div>\n<\/div><\/figure>\n\n\n\n<p><\/p>\n\n\n\n<p><a href=\"https:\/\/mega.nz\/#F!TJ0W1CQC!9KHw2c9EId_Etetrad2mfg\">Estudios<\/a>.<\/p>\n\n\n\n<figure class=\"wp-block-embed-wordpress wp-block-embed is-type-wp-embed is-provider-wordpress\"><div class=\"wp-block-embed__wrapper\">\nhttps:\/\/mastor.cl\/blog\/que-es-ser-nina-o\/\n<\/div><\/figure>\n","protected":false},"excerpt":{"rendered":"<p>\u00bf\u00bbMillenials\u00bb?. \u00abEstas nomenclaturas, tal como circulan hoy en los medios de comunicaci\u00f3n de masas, no operan como categor\u00edas cient\u00edficas. Porque se dice cualquier cosa sobre lo que ser\u00eda un millennial, un Y o un Z, no hay el m\u00e1s m\u00ednimo consenso sobre su ubicaci\u00f3n, car\u00e1cter y cobertura, y se muestra poco o nada de trabajo&hellip;&nbsp;<a href=\"https:\/\/mastor.cl\/2021\/generaciones\/\" rel=\"bookmark\">Leer m\u00e1s &raquo;<span class=\"screen-reader-text\">Generaciones<\/span><\/a><\/p>\n","protected":false},"author":2,"featured_media":0,"parent":0,"menu_order":0,"comment_status":"closed","ping_status":"closed","template":"","meta":{"neve_meta_sidebar":"","neve_meta_container":"","neve_meta_enable_content_width":"","neve_meta_content_width":0,"neve_meta_title_alignment":"","neve_meta_author_avatar":"","neve_post_elements_order":"","neve_meta_disable_header":"","neve_meta_disable_footer":"","neve_meta_disable_title":"","footnotes":""},"class_list":["post-3860","page","type-page","status-publish","hentry"],"_links":{"self":[{"href":"https:\/\/mastor.cl\/2021\/wp-json\/wp\/v2\/pages\/3860","targetHints":{"allow":["GET"]}}],"collection":[{"href":"https:\/\/mastor.cl\/2021\/wp-json\/wp\/v2\/pages"}],"about":[{"href":"https:\/\/mastor.cl\/2021\/wp-json\/wp\/v2\/types\/page"}],"author":[{"embeddable":true,"href":"https:\/\/mastor.cl\/2021\/wp-json\/wp\/v2\/users\/2"}],"replies":[{"embeddable":true,"href":"https:\/\/mastor.cl\/2021\/wp-json\/wp\/v2\/comments?post=3860"}],"version-history":[{"count":0,"href":"https:\/\/mastor.cl\/2021\/wp-json\/wp\/v2\/pages\/3860\/revisions"}],"wp:attachment":[{"href":"https:\/\/mastor.cl\/2021\/wp-json\/wp\/v2\/media?parent=3860"}],"curies":[{"name":"wp","href":"https:\/\/api.w.org\/{rel}","templated":true}]}}