{"id":4012,"date":"2020-03-04T01:39:38","date_gmt":"2020-03-04T01:39:38","guid":{"rendered":"https:\/\/mastor.cl\/blog\/?page_id=4012"},"modified":"2020-03-04T01:39:38","modified_gmt":"2020-03-04T01:39:38","slug":"textos-estallido-en-chile","status":"publish","type":"page","link":"https:\/\/mastor.cl\/2021\/textos-estallido-en-chile\/","title":{"rendered":"Estallido social y proceso constituyente en Chile"},"content":{"rendered":"\n<figure class=\"wp-block-embed-youtube wp-block-embed is-type-video is-provider-youtube wp-embed-aspect-16-9 wp-has-aspect-ratio\"><div class=\"wp-block-embed__wrapper\">\n<div class=\"nv-iframe-embed\"><iframe loading=\"lazy\" title=\"Ciudadan\u00edas post-18 O: reflexiones sobre la formaci\u00f3n ciudadana para el proceso constituyente\" width=\"1200\" height=\"675\" src=\"https:\/\/www.youtube.com\/embed\/IWxanrJP2Oo?feature=oembed\" frameborder=\"0\" allow=\"accelerometer; autoplay; clipboard-write; encrypted-media; gyroscope; picture-in-picture; web-share\" allowfullscreen><\/iframe><\/div>\n<\/div><\/figure>\n\n\n\n<p>En construccion&#8230;<\/p>\n\n\n\n<p>La experiencia de <strong>CONSTI TU + YO<\/strong><\/p>\n\n\n\n<p><a href=\"https:\/\/www.facebook.com\/Constituyo\/\">https:\/\/www.facebook.com\/Constituyo\/<\/a><\/p>\n\n\n\n<p><\/p>\n\n\n\n<figure class=\"wp-block-embed-wordpress wp-block-embed is-type-wp-embed is-provider-consti-tu-yo\"><div class=\"wp-block-embed__wrapper\">\nhttps:\/\/www.constituyo.cl\/\n<\/div><\/figure>\n\n\n\n<p><a href=\"https:\/\/drive.google.com\/open?id=19cYD0vKLXUYkcS9fZ_qDfRTBgdBCKFqE\">BIBLIOGRAFIA<\/a>.<\/p>\n\n\n\n<p>En esta secci\u00f3n reunimos algunas publicaciones de inter\u00e9s sobre este per\u00edodo.<\/p>\n\n\n\n<p><strong>Un video entrevista al Dr. Leonardo Cancino.<\/strong><\/p>\n\n\n\n<p><a href=\"https:\/\/youtu.be\/Z8kscrfLK08\">https:\/\/youtu.be\/Z8kscrfLK08<\/a><\/p>\n\n\n\n<p><strong>Una mirada hist\u00f3rica (20 minutos).<\/strong><\/p>\n\n\n\n<figure class=\"wp-block-embed-wordpress wp-block-embed is-type-wp-embed is-provider-cntv-infantil\"><div class=\"wp-block-embed__wrapper\">\nhttps:\/\/cntvinfantil.cl\/videos\/movimientos-sociales\/\n<\/div><\/figure>\n\n\n\n<p><strong>Distribuci\u00f3n de la riqueza (20 min).<\/strong><\/p>\n\n\n\n<figure class=\"wp-block-embed-wordpress wp-block-embed is-type-wp-embed is-provider-cntv-infantil\"><div class=\"wp-block-embed__wrapper\">\nhttps:\/\/cntvinfantil.cl\/videos\/distribucion-de-la-riqueza\/\n<\/div><\/figure>\n\n\n\n<p><strong>Educaci\u00f3n (20 min)<\/strong><\/p>\n\n\n\n<figure class=\"wp-block-embed-wordpress wp-block-embed is-type-wp-embed is-provider-cntv-infantil\"><div class=\"wp-block-embed__wrapper\">\nhttps:\/\/cntvinfantil.cl\/videos\/educacion\/\n<\/div><\/figure>\n\n\n\n<figure class=\"wp-block-embed-wordpress wp-block-embed is-type-wp-embed is-provider-wordpress\"><div class=\"wp-block-embed__wrapper\">\nhttps:\/\/mastor.cl\/blog\/2019\/10\/chile-en-octubre-de-2019\/\n<\/div><figcaption><br><br><br><br><\/figcaption><\/figure>\n\n\n\n<figure class=\"wp-block-embed-wordpress wp-block-embed is-type-wp-embed is-provider-wordpress\"><div class=\"wp-block-embed__wrapper\">\nhttps:\/\/mastor.cl\/blog\/2019\/11\/movimientos-sociales-redistribucion-reconocimiento\/\n<\/div><\/figure>\n\n\n\n<figure class=\"wp-block-embed-wordpress wp-block-embed is-type-wp-embed is-provider-wordpress\"><div class=\"wp-block-embed__wrapper\">\nhttps:\/\/mastor.cl\/blog\/2018\/03\/desiguales-estudio-pnud-2017\/\n<\/div><\/figure>\n\n\n\n<p>Un an\u00e1lisis de Hasta que valga la pena vivir (Michelson, 2020).<\/p>\n\n\n\n<figure class=\"wp-block-embed-wordpress wp-block-embed is-type-wp-embed is-provider-saposcat\"><div class=\"wp-block-embed__wrapper\">\nhttps:\/\/saposcat.cl\/sobre-hasta-que-valga-la-pena-vivir-de-constanza-michelson-aicha-liviana-messina\/?fbclid=IwAR1FR6pOsNxWyW3zo5d&#8211;0id-qDBQrJ5aAIr27kUK1kB4C1lE7HV3-dF3gI\n<\/div><figcaption><br><br><br><\/figcaption><\/figure>\n\n\n\n<figure class=\"wp-block-embed-youtube wp-block-embed is-type-video is-provider-youtube wp-embed-aspect-16-9 wp-has-aspect-ratio\"><div class=\"wp-block-embed__wrapper\">\n<div class=\"nv-iframe-embed\"><iframe loading=\"lazy\" title=\"&quot;Hasta que valga la pena vivir&quot;, el nuevo libro de la psicoanalista Constanza Michelson\" width=\"1200\" height=\"675\" src=\"https:\/\/www.youtube.com\/embed\/G83Xm41V_yA?feature=oembed\" frameborder=\"0\" allow=\"accelerometer; autoplay; clipboard-write; encrypted-media; gyroscope; picture-in-picture; web-share\" allowfullscreen><\/iframe><\/div>\n<\/div><figcaption><br><br><br><\/figcaption><\/figure>\n\n\n\n<figure class=\"wp-block-embed-wordpress wp-block-embed is-type-wp-embed is-provider-wordpress\"><div class=\"wp-block-embed__wrapper\">\nhttps:\/\/mastor.cl\/blog\/2016\/10\/hacia-una-sociologia-del-sufrimiento\/\n<\/div><\/figure>\n","protected":false},"excerpt":{"rendered":"<p>En construccion&#8230; La experiencia de CONSTI TU + YO https:\/\/www.facebook.com\/Constituyo\/ BIBLIOGRAFIA. En esta secci\u00f3n reunimos algunas publicaciones de inter\u00e9s sobre este per\u00edodo. Un video entrevista al Dr. Leonardo Cancino. https:\/\/youtu.be\/Z8kscrfLK08 Una mirada hist\u00f3rica (20 minutos). Distribuci\u00f3n de la riqueza (20 min). Educaci\u00f3n (20 min) Un an\u00e1lisis de Hasta que valga la pena vivir (Michelson, 2020).<\/p>\n","protected":false},"author":2,"featured_media":0,"parent":0,"menu_order":0,"comment_status":"closed","ping_status":"closed","template":"","meta":{"neve_meta_sidebar":"","neve_meta_container":"","neve_meta_enable_content_width":"","neve_meta_content_width":0,"neve_meta_title_alignment":"","neve_meta_author_avatar":"","neve_post_elements_order":"","neve_meta_disable_header":"","neve_meta_disable_footer":"","neve_meta_disable_title":"","footnotes":""},"class_list":["post-4012","page","type-page","status-publish","hentry"],"_links":{"self":[{"href":"https:\/\/mastor.cl\/2021\/wp-json\/wp\/v2\/pages\/4012","targetHints":{"allow":["GET"]}}],"collection":[{"href":"https:\/\/mastor.cl\/2021\/wp-json\/wp\/v2\/pages"}],"about":[{"href":"https:\/\/mastor.cl\/2021\/wp-json\/wp\/v2\/types\/page"}],"author":[{"embeddable":true,"href":"https:\/\/mastor.cl\/2021\/wp-json\/wp\/v2\/users\/2"}],"replies":[{"embeddable":true,"href":"https:\/\/mastor.cl\/2021\/wp-json\/wp\/v2\/comments?post=4012"}],"version-history":[{"count":0,"href":"https:\/\/mastor.cl\/2021\/wp-json\/wp\/v2\/pages\/4012\/revisions"}],"wp:attachment":[{"href":"https:\/\/mastor.cl\/2021\/wp-json\/wp\/v2\/media?parent=4012"}],"curies":[{"name":"wp","href":"https:\/\/api.w.org\/{rel}","templated":true}]}}