{"id":4021,"date":"2020-03-22T19:17:22","date_gmt":"2020-03-22T19:17:22","guid":{"rendered":"https:\/\/mastor.cl\/blog\/?page_id=4021"},"modified":"2020-03-22T19:17:22","modified_gmt":"2020-03-22T19:17:22","slug":"investigacion-educativa","status":"publish","type":"page","link":"https:\/\/mastor.cl\/2021\/investigacion-educativa\/","title":{"rendered":"Investigaci\u00f3n Educativa"},"content":{"rendered":"\n<p><\/p>\n\n\n\n<figure class=\"wp-block-image\"><img loading=\"lazy\" decoding=\"async\" width=\"1018\" height=\"737\" src=\"https:\/\/mastor.cl\/2021\/wp-content\/uploads\/2020\/03\/Captura-de-pantalla-2020-03-22-a-las-16.18.08.png\" alt=\"\" class=\"wp-image-4022\" srcset=\"https:\/\/mastor.cl\/2021\/wp-content\/uploads\/2020\/03\/Captura-de-pantalla-2020-03-22-a-las-16.18.08.png 1018w, https:\/\/mastor.cl\/2021\/wp-content\/uploads\/2020\/03\/Captura-de-pantalla-2020-03-22-a-las-16.18.08-300x217.png 300w, https:\/\/mastor.cl\/2021\/wp-content\/uploads\/2020\/03\/Captura-de-pantalla-2020-03-22-a-las-16.18.08-768x556.png 768w, https:\/\/mastor.cl\/2021\/wp-content\/uploads\/2020\/03\/Captura-de-pantalla-2020-03-22-a-las-16.18.08-414x300.png 414w\" sizes=\"auto, (max-width: 1018px) 100vw, 1018px\" \/><\/figure>\n\n\n\n<p>En este espacio encontraremos un conjunto de recursos para abordar la investigaci\u00f3n educacional, principalmente videos y bibliograf\u00eda. Es de particular inter\u00e9s los materiales referidos a la obra de Paulo Freire. El conjunto de ellos puede verse al lado del Milod\u00f3n.<\/p>\n\n\n\n<p><strong>El sistema educativo chileno en un video de 20 minutos.<\/strong><\/p>\n\n\n\n<figure class=\"wp-block-embed-wordpress wp-block-embed is-type-wp-embed is-provider-cntv-infantil\"><div class=\"wp-block-embed__wrapper\">\nhttps:\/\/cntvinfantil.cl\/videos\/educacion\/\n<\/div><\/figure>\n\n\n\n<figure class=\"wp-block-image size-large\"><img loading=\"lazy\" decoding=\"async\" width=\"970\" height=\"599\" src=\"https:\/\/mastor.cl\/2021\/wp-content\/uploads\/2021\/08\/image.png\" alt=\"\" class=\"wp-image-4534\" srcset=\"https:\/\/mastor.cl\/2021\/wp-content\/uploads\/2021\/08\/image.png 970w, https:\/\/mastor.cl\/2021\/wp-content\/uploads\/2021\/08\/image-300x185.png 300w, https:\/\/mastor.cl\/2021\/wp-content\/uploads\/2021\/08\/image-768x474.png 768w, https:\/\/mastor.cl\/2021\/wp-content\/uploads\/2021\/08\/image-486x300.png 486w\" sizes=\"auto, (max-width: 970px) 100vw, 970px\" \/><figcaption><a href=\"https:\/\/www.youtube.com\/watch?v=r7X66lVVkxo\" target=\"_blank\" rel=\"noreferrer noopener\">https:\/\/www.youtube.com\/watch?v=r7X66lVVkxo<\/a><br><\/figcaption><\/figure>\n\n\n\n<p><a rel=\"noreferrer noopener\" href=\"https:\/\/www.umce.cl\/index.php\/direccion-investigacion-jornadas-de-investigacion\" target=\"_blank\">Direcci\u00f3n de investigaci\u00f3n UMCE<\/a>.<\/p>\n\n\n\n<figure class=\"wp-block-image size-large\"><img loading=\"lazy\" decoding=\"async\" width=\"1024\" height=\"570\" src=\"https:\/\/mastor.cl\/2021\/wp-content\/uploads\/2021\/08\/image-4-1024x570.png\" alt=\"\" class=\"wp-image-4544\" srcset=\"https:\/\/mastor.cl\/2021\/wp-content\/uploads\/2021\/08\/image-4-1024x570.png 1024w, https:\/\/mastor.cl\/2021\/wp-content\/uploads\/2021\/08\/image-4-300x167.png 300w, https:\/\/mastor.cl\/2021\/wp-content\/uploads\/2021\/08\/image-4-768x427.png 768w, https:\/\/mastor.cl\/2021\/wp-content\/uploads\/2021\/08\/image-4-500x278.png 500w, https:\/\/mastor.cl\/2021\/wp-content\/uploads\/2021\/08\/image-4.png 1041w\" sizes=\"auto, (max-width: 1024px) 100vw, 1024px\" \/><\/figure>\n\n\n\n<p><a rel=\"noreferrer noopener\" href=\"http:\/\/educacion.uc.cl\/investigacion-a\/publicaciones-recientes\" target=\"_blank\">http:\/\/educacion.uc.cl\/investigacion-a\/publicaciones-recientes<\/a> Direcci\u00f3n de Investigaci\u00f3n Universidad Cat\u00f3lica de Chile.<\/p>\n\n\n\n<figure class=\"wp-block-image size-large\"><img loading=\"lazy\" decoding=\"async\" width=\"863\" height=\"255\" src=\"https:\/\/mastor.cl\/2021\/wp-content\/uploads\/2021\/08\/image-2.png\" alt=\"\" class=\"wp-image-4540\" srcset=\"https:\/\/mastor.cl\/2021\/wp-content\/uploads\/2021\/08\/image-2.png 863w, https:\/\/mastor.cl\/2021\/wp-content\/uploads\/2021\/08\/image-2-300x89.png 300w, https:\/\/mastor.cl\/2021\/wp-content\/uploads\/2021\/08\/image-2-768x227.png 768w, https:\/\/mastor.cl\/2021\/wp-content\/uploads\/2021\/08\/image-2-500x148.png 500w\" sizes=\"auto, (max-width: 863px) 100vw, 863px\" \/><figcaption>Art\u00edculos desde la facultad de educaci\u00f3n UC<\/figcaption><\/figure>\n\n\n\n<p><a rel=\"noreferrer noopener\" href=\"https:\/\/www.co-incide.org\/b\/Invitaciones-Eventos\" target=\"_blank\">Eventos organizados por CIDE. Centro de Investigaci\u00f3n en Educaci\u00f3n. Universidad Alberto Hurtado<\/a>. <\/p>\n\n\n\n<figure class=\"wp-block-image size-large\"><img loading=\"lazy\" decoding=\"async\" width=\"984\" height=\"636\" src=\"https:\/\/mastor.cl\/2021\/wp-content\/uploads\/2021\/08\/image-1.png\" alt=\"\" class=\"wp-image-4538\" srcset=\"https:\/\/mastor.cl\/2021\/wp-content\/uploads\/2021\/08\/image-1.png 984w, https:\/\/mastor.cl\/2021\/wp-content\/uploads\/2021\/08\/image-1-300x194.png 300w, https:\/\/mastor.cl\/2021\/wp-content\/uploads\/2021\/08\/image-1-768x496.png 768w, https:\/\/mastor.cl\/2021\/wp-content\/uploads\/2021\/08\/image-1-464x300.png 464w\" sizes=\"auto, (max-width: 984px) 100vw, 984px\" \/><figcaption>Evento organizado por CIDE<br><\/figcaption><\/figure>\n\n\n\n<figure class=\"wp-block-image size-large\"><img loading=\"lazy\" decoding=\"async\" width=\"1024\" height=\"580\" src=\"https:\/\/mastor.cl\/2021\/wp-content\/uploads\/2021\/08\/image-3-1024x580.png\" alt=\"\" class=\"wp-image-4543\" srcset=\"https:\/\/mastor.cl\/2021\/wp-content\/uploads\/2021\/08\/image-3-1024x580.png 1024w, https:\/\/mastor.cl\/2021\/wp-content\/uploads\/2021\/08\/image-3-300x170.png 300w, https:\/\/mastor.cl\/2021\/wp-content\/uploads\/2021\/08\/image-3-768x435.png 768w, https:\/\/mastor.cl\/2021\/wp-content\/uploads\/2021\/08\/image-3-500x283.png 500w, https:\/\/mastor.cl\/2021\/wp-content\/uploads\/2021\/08\/image-3.png 1053w\" sizes=\"auto, (max-width: 1024px) 100vw, 1024px\" \/><figcaption>Publicaci\u00f3n de la UCSH  <a href=\"http:\/\/ediciones.ucsh.cl\/index.php\/ForoEducacional\/issue\/archive\" target=\"_blank\" rel=\"noreferrer noopener\">Foro Educaciona<\/a>l<\/figcaption><\/figure>\n\n\n\n<p><\/p>\n\n\n\n<figure class=\"wp-block-embed-youtube wp-block-embed is-type-video is-provider-youtube wp-embed-aspect-16-9 wp-has-aspect-ratio\"><div class=\"wp-block-embed__wrapper\">\n<div class=\"nv-iframe-embed\"><iframe loading=\"lazy\" title=\"1\u00ba Conversatorio FODEP 2020 -Educaci\u00f3n a distancia y Reingenier\u00eda Social. Luis Bonilla y actores ed.\" width=\"1200\" height=\"675\" src=\"https:\/\/www.youtube.com\/embed\/nZcoKvrcxVY?feature=oembed\" frameborder=\"0\" allow=\"accelerometer; autoplay; clipboard-write; encrypted-media; gyroscope; picture-in-picture; web-share\" allowfullscreen><\/iframe><\/div>\n<\/div><\/figure>\n\n\n\n<p><\/p>\n\n\n\n<figure class=\"wp-block-image\"><img loading=\"lazy\" decoding=\"async\" width=\"995\" height=\"296\" src=\"https:\/\/mastor.cl\/2021\/wp-content\/uploads\/2020\/05\/Captura-de-pantalla-2020-05-03-a-las-12.53.34.png\" alt=\"\" class=\"wp-image-4211\" srcset=\"https:\/\/mastor.cl\/2021\/wp-content\/uploads\/2020\/05\/Captura-de-pantalla-2020-05-03-a-las-12.53.34.png 995w, https:\/\/mastor.cl\/2021\/wp-content\/uploads\/2020\/05\/Captura-de-pantalla-2020-05-03-a-las-12.53.34-300x89.png 300w, https:\/\/mastor.cl\/2021\/wp-content\/uploads\/2020\/05\/Captura-de-pantalla-2020-05-03-a-las-12.53.34-768x228.png 768w, https:\/\/mastor.cl\/2021\/wp-content\/uploads\/2020\/05\/Captura-de-pantalla-2020-05-03-a-las-12.53.34-500x149.png 500w\" sizes=\"auto, (max-width: 995px) 100vw, 995px\" \/><figcaption>Sitio web colaborativo de publicaciones sobre el Mov Estudiantil<\/figcaption><\/figure>\n\n\n\n<figure class=\"wp-block-image size-large\"><img loading=\"lazy\" decoding=\"async\" width=\"1024\" height=\"391\" src=\"https:\/\/mastor.cl\/2021\/wp-content\/uploads\/2021\/08\/image-5-1024x391.png\" alt=\"\" class=\"wp-image-4546\" srcset=\"https:\/\/mastor.cl\/2021\/wp-content\/uploads\/2021\/08\/image-5-1024x391.png 1024w, https:\/\/mastor.cl\/2021\/wp-content\/uploads\/2021\/08\/image-5-300x114.png 300w, https:\/\/mastor.cl\/2021\/wp-content\/uploads\/2021\/08\/image-5-768x293.png 768w, https:\/\/mastor.cl\/2021\/wp-content\/uploads\/2021\/08\/image-5-500x191.png 500w, https:\/\/mastor.cl\/2021\/wp-content\/uploads\/2021\/08\/image-5.png 1439w\" sizes=\"auto, (max-width: 1024px) 100vw, 1024px\" \/><figcaption>Canal de youtube <a href=\"https:\/\/www.youtube.com\/user\/ceppecl\" target=\"_blank\" rel=\"noreferrer noopener\">CEPPE UC<\/a> <\/figcaption><\/figure>\n\n\n\n<figure class=\"wp-block-embed-youtube wp-block-embed is-type-video is-provider-youtube wp-embed-aspect-16-9 wp-has-aspect-ratio\"><div class=\"wp-block-embed__wrapper\">\n<div class=\"nv-iframe-embed\"><iframe loading=\"lazy\" title=\"Coloquio de Educaci\u00f3n Matem\u00e1tica Intercultural: el caso de la Matem\u00e1tica Mapuche 1\/1\" width=\"1200\" height=\"675\" src=\"https:\/\/www.youtube.com\/embed\/DGe5zPsMR2w?feature=oembed\" frameborder=\"0\" allow=\"accelerometer; autoplay; clipboard-write; encrypted-media; gyroscope; picture-in-picture; web-share\" allowfullscreen><\/iframe><\/div>\n<\/div><\/figure>\n\n\n\n<p><strong>EDUCADORES. Los aportes de Paulo Freire.<\/strong><\/p>\n\n\n\n<p><a rel=\"noreferrer noopener\" href=\"http:\/\/Una pagna sobre Paulo Freire https:\/\/www.facebook.com\/profile.php?id=100044353752905\" target=\"_blank\">Una pagina sobre Paulo Freire https:\/\/www.facebook.com\/profile.php?id=100044353752905<\/a><\/p>\n\n\n\n<figure class=\"wp-block-embed-youtube wp-block-embed is-type-video is-provider-youtube wp-embed-aspect-16-9 wp-has-aspect-ratio\"><div class=\"wp-block-embed__wrapper\">\n<div class=\"nv-iframe-embed\"><iframe loading=\"lazy\" title=\"El legado de Paulo Freire en Argentina. Experiencias de ayer y de hoy\" width=\"1200\" height=\"675\" src=\"https:\/\/www.youtube.com\/embed\/TnqQcE5ZAgg?feature=oembed\" frameborder=\"0\" allow=\"accelerometer; autoplay; clipboard-write; encrypted-media; gyroscope; picture-in-picture; web-share\" allowfullscreen><\/iframe><\/div>\n<\/div><\/figure>\n\n\n\n<p>La pedagog\u00eda de la pregunta abordado en un programa de la televisi\u00f3n cubana: La Pupila Asombrada, con extractos de conversaci\u00f3n entre Paulo Freire y Francisco Vio en el Canelo de Nos en San Bernardo (1990).<\/p>\n\n\n\n<p><em>\u00abEl acto de hacer una pregunta parece muy f\u00e1cil, algo que no encierra ning\u00fan misterio: en general, son los que no saben los que preguntan. Paulo Freire, en di\u00e1logo con el educador chileno Antonio Faundez, desbarata esta supuesta evidencia al sostener que formular buenas preguntas requiere un aprendizaje artesanal, de ensayo y error, de trabajo compartido entre maestros y estudiantes\u00bb.<\/em><\/p>\n\n\n\n<figure class=\"wp-block-image\"><img loading=\"lazy\" decoding=\"async\" width=\"376\" height=\"540\" src=\"https:\/\/mastor.cl\/2021\/wp-content\/uploads\/2020\/04\/Captura-de-pantalla-2020-04-26-a-las-21.31.48.png\" alt=\"\" class=\"wp-image-4176\" srcset=\"https:\/\/mastor.cl\/2021\/wp-content\/uploads\/2020\/04\/Captura-de-pantalla-2020-04-26-a-las-21.31.48.png 376w, https:\/\/mastor.cl\/2021\/wp-content\/uploads\/2020\/04\/Captura-de-pantalla-2020-04-26-a-las-21.31.48-209x300.png 209w\" sizes=\"auto, (max-width: 376px) 100vw, 376px\" \/><\/figure>\n\n\n\n<p><a href=\"https:\/\/aprendizajesparalelos.files.wordpress.com\/2016\/08\/paulo-freire-y-antonio-faudez-por-una-pedagogia-de-la-pregunta.pdf\">Paulo Freire y Antonio Fa\u00fandez. Por una pedagog\u00eda de la pregunta<\/a>. 1985. <\/p>\n\n\n\n<p>Uno de los puntos de partida la formaci\u00f3n de un educador o de una educadora, en una perspectiva liberadora, democr\u00e1tica ser\u00eda esta cosa aparentemente tan simple: \u00bfQu\u00e9 es preguntar?. <\/p>\n\n\n\n<p><\/p>\n\n\n\n<figure class=\"wp-block-embed-youtube wp-block-embed is-type-video is-provider-youtube wp-embed-aspect-4-3 wp-has-aspect-ratio\"><div class=\"wp-block-embed__wrapper\">\nhttps:\/\/youtu.be\/s1iR18_SI20\n<\/div><figcaption>Lectura Desde el Pr\u00f3logo (3 horas 10 minutos).<\/figcaption><\/figure>\n\n\n\n<figure class=\"wp-block-embed-youtube wp-block-embed is-type-video is-provider-youtube wp-embed-aspect-4-3 wp-has-aspect-ratio\"><div class=\"wp-block-embed__wrapper\">\nhttps:\/\/youtu.be\/vybxaxCcNwY\n<\/div><figcaption>Capitulo 3. La dialogicidad<\/figcaption><\/figure>\n\n\n\n<p><\/p>\n\n\n\n<div class=\"wp-block-image\"><figure class=\"alignleft\"><img loading=\"lazy\" decoding=\"async\" width=\"333\" height=\"448\" src=\"https:\/\/mastor.cl\/2021\/wp-content\/uploads\/2020\/05\/Captura-de-pantalla-2020-04-17-a-las-22.22.09.png\" alt=\"\" class=\"wp-image-4208\" srcset=\"https:\/\/mastor.cl\/2021\/wp-content\/uploads\/2020\/05\/Captura-de-pantalla-2020-04-17-a-las-22.22.09.png 333w, https:\/\/mastor.cl\/2021\/wp-content\/uploads\/2020\/05\/Captura-de-pantalla-2020-04-17-a-las-22.22.09-223x300.png 223w\" sizes=\"auto, (max-width: 333px) 100vw, 333px\" \/><figcaption>OJO. Un Milod\u00f3n comiendo de un \u00e1rbol en Osorno<\/figcaption><\/figure><\/div>\n\n\n\n<p><a href=\"https:\/\/drive.google.com\/open?id=16hLnbz07LVjPHitGZyjE18Kem3588ZL4\">Recursos.<\/a><\/p>\n\n\n\n<p><\/p>\n\n\n\n<p> <\/p>\n\n\n\n<figure class=\"wp-block-image is-resized\"><img loading=\"lazy\" decoding=\"async\" src=\"https:\/\/mastor.cl\/2021\/wp-content\/uploads\/2020\/03\/images-1.jpg\" alt=\"\" class=\"wp-image-4038\" width=\"590\" height=\"323\" srcset=\"https:\/\/mastor.cl\/2021\/wp-content\/uploads\/2020\/03\/images-1.jpg 304w, https:\/\/mastor.cl\/2021\/wp-content\/uploads\/2020\/03\/images-1-300x164.jpg 300w\" sizes=\"auto, (max-width: 590px) 100vw, 590px\" \/><figcaption>Una de las frases m\u00e1s difundidas de P. Freire.<\/figcaption><\/figure>\n\n\n\n<p> <strong>Cap III. Dialogicidad. Freire-Pedagogia-Del-Oprimido <\/strong><\/p>\n\n\n\n<p>\u00ab..nos parece indispensable intentar algunas consideraciones en torno de la <strong>esencia del di\u00e1logo<\/strong>. Profundizaremos las afirmaciones que hicimos con respecto al mismo tema en <em>La educaci\u00f3n como pr\u00e1ctica de la libertad.<\/em><\/p>\n\n\n\n<p>Al intentar un adentramiento en el di\u00e1logo, como fen\u00f3meno humano, se nos revela la palabra: de la cual podemos decir que es el di\u00e1logo mismo. Y, al encontrar en el an\u00e1lisis del di\u00e1logo la palabra como algo m\u00e1s que un medio para que \u00e9ste se produzca, se nos impone buscar, tambi\u00e9n, sus elementos constitutivos. <\/p>\n\n\n\n<figure class=\"wp-block-image is-resized\"><img loading=\"lazy\" decoding=\"async\" src=\"https:\/\/mastor.cl\/2021\/wp-content\/uploads\/2020\/03\/Palabra-y-Praxis.-1-e1584905639953.png\" alt=\"Esta imagen tiene un atributo ALT vac\u00edo; su nombre de archivo es Palabra-y-Praxis.-1.png\" width=\"865\" height=\"300\"\/><figcaption>Cuando la palabra falta, cuando \u00e9sta se sacrifica en lo que tiene de acci\u00f3n (es palabrer\u00eda) o en reflexi\u00f3n (es puro activismo)<\/figcaption><\/figure>\n\n\n\n<p>Esta b\u00fasqueda nos lleva a sorprender en ella dos dimensiones &#8211;<strong>acci\u00f3n y reflexi\u00f3n<\/strong>&#8211; en tal forma solidarias, y en una interacci\u00f3n tan radical que, sacrificada, aunque en parte, una de ellas, se resiente inmediatamente la otra. <strong>No hay palabra verdadera que no sea una uni\u00f3n inquebrantable entre acci\u00f3n y reflexi\u00f3n y, por ende, que no sea praxis<\/strong>. De ah\u00ed que decir la palabra verdadera sea transformar el mundo\u00bb. P Freire. <\/p>\n\n\n\n<p><\/p>\n\n\n\n<p><em>La dialogicidad: Esencia de la educaci\u00f3n como pr\u00e1ctica de la libertad. <\/em><\/p>\n\n\n\n<p><\/p>\n\n\n\n<figure class=\"wp-block-image\"><img loading=\"lazy\" decoding=\"async\" width=\"1007\" height=\"738\" src=\"https:\/\/mastor.cl\/2021\/wp-content\/uploads\/2020\/04\/Captura-de-pantalla-2020-04-05-a-las-13.55.58.png\" alt=\"\" class=\"wp-image-4092\" srcset=\"https:\/\/mastor.cl\/2021\/wp-content\/uploads\/2020\/04\/Captura-de-pantalla-2020-04-05-a-las-13.55.58.png 1007w, https:\/\/mastor.cl\/2021\/wp-content\/uploads\/2020\/04\/Captura-de-pantalla-2020-04-05-a-las-13.55.58-300x220.png 300w, https:\/\/mastor.cl\/2021\/wp-content\/uploads\/2020\/04\/Captura-de-pantalla-2020-04-05-a-las-13.55.58-768x563.png 768w, https:\/\/mastor.cl\/2021\/wp-content\/uploads\/2020\/04\/Captura-de-pantalla-2020-04-05-a-las-13.55.58-409x300.png 409w\" sizes=\"auto, (max-width: 1007px) 100vw, 1007px\" \/><\/figure>\n\n\n\n<p><a href=\"https:\/\/www.yumpu.com\/en\/document\/read\/54512360\/paulo-freire\">Diccionario Paulo Freire<\/a>.<\/p>\n\n\n\n<h4 class=\"wp-block-heading\">12 libros de <a href=\"https:\/\/redclade.org\/noticias\/libros-paulo-freire-educar-para-la-libertad\/?fbclid=IwAR3nj5ubkN1Y36kpISmuFF9lmqHxa7nFZ3WTlw3GGDkk3N7Pf2lCFAgvbN8\">Paulo Freire<\/a> para educar para la libertad<\/h4>\n\n\n\n<p><strong>Rita Segato.<\/strong><\/p>\n\n\n\n<figure class=\"wp-block-embed-youtube wp-block-embed is-type-video is-provider-youtube wp-embed-aspect-16-9 wp-has-aspect-ratio\"><div class=\"wp-block-embed__wrapper\">\n<div class=\"nv-iframe-embed\"><iframe loading=\"lazy\" title=\"Contra-pedagog\u00edas de la crueldad  | Rita Segato | Clase 1\" width=\"1200\" height=\"675\" src=\"https:\/\/www.youtube.com\/embed\/17ijWDlok2g?feature=oembed\" frameborder=\"0\" allow=\"accelerometer; autoplay; clipboard-write; encrypted-media; gyroscope; picture-in-picture; web-share\" allowfullscreen><\/iframe><\/div>\n<\/div><\/figure>\n\n\n\n<p><\/p>\n\n\n\n<figure class=\"wp-block-embed-wordpress wp-block-embed is-type-wp-embed is-provider-wordpress\"><div class=\"wp-block-embed__wrapper\">\nhttps:\/\/mastor.cl\/blog\/2016\/07\/escuchar-el-riesgo-de-cambiar-de-opinion\/\n<\/div><\/figure>\n\n\n\n<p><\/p>\n\n\n\n<figure class=\"wp-block-embed-wordpress wp-block-embed is-type-wp-embed is-provider-wordpress\"><div class=\"wp-block-embed__wrapper\">\nhttps:\/\/mastor.cl\/blog\/2018\/06\/implicacion-en-ciencias-sociales-ni-miopia-ni-presbicia\/\n<\/div><\/figure>\n\n\n\n<p><\/p>\n\n\n\n<figure class=\"wp-block-embed-wordpress wp-block-embed is-type-wp-embed is-provider-wordpress\"><div class=\"wp-block-embed__wrapper\">\nhttps:\/\/mastor.cl\/blog\/2017\/08\/metodos-cuantitativos-y-cualitativos\/\n<\/div><\/figure>\n\n\n\n<figure class=\"wp-block-embed-wordpress wp-block-embed is-type-wp-embed is-provider-wordpress\"><div class=\"wp-block-embed__wrapper\">\nhttps:\/\/mastor.cl\/blog\/2017\/04\/el-auge-de-lo-comunitario-y-el-destierro-de-lo-comun\/\n<\/div><\/figure>\n\n\n\n<figure class=\"wp-block-embed-wordpress wp-block-embed is-type-wp-embed is-provider-wordpress\"><div class=\"wp-block-embed__wrapper\">\nhttps:\/\/mastor.cl\/blog\/2018\/08\/peliculas-series-y-educacion\/\n<\/div><\/figure>\n","protected":false},"excerpt":{"rendered":"<p>En este espacio encontraremos un conjunto de recursos para abordar la investigaci\u00f3n educacional, principalmente videos y bibliograf\u00eda. Es de particular inter\u00e9s los materiales referidos a la obra de Paulo Freire. El conjunto de ellos puede verse al lado del Milod\u00f3n. El sistema educativo chileno en un video de 20 minutos. Direcci\u00f3n de investigaci\u00f3n UMCE. http:\/\/educacion.uc.cl\/investigacion-a\/publicaciones-recientes&hellip;&nbsp;<a href=\"https:\/\/mastor.cl\/2021\/investigacion-educativa\/\" rel=\"bookmark\">Leer m\u00e1s &raquo;<span class=\"screen-reader-text\">Investigaci\u00f3n Educativa<\/span><\/a><\/p>\n","protected":false},"author":2,"featured_media":0,"parent":0,"menu_order":0,"comment_status":"closed","ping_status":"closed","template":"","meta":{"neve_meta_sidebar":"","neve_meta_container":"","neve_meta_enable_content_width":"","neve_meta_content_width":0,"neve_meta_title_alignment":"","neve_meta_author_avatar":"","neve_post_elements_order":"","neve_meta_disable_header":"","neve_meta_disable_footer":"","neve_meta_disable_title":"","footnotes":""},"class_list":["post-4021","page","type-page","status-publish","hentry"],"_links":{"self":[{"href":"https:\/\/mastor.cl\/2021\/wp-json\/wp\/v2\/pages\/4021","targetHints":{"allow":["GET"]}}],"collection":[{"href":"https:\/\/mastor.cl\/2021\/wp-json\/wp\/v2\/pages"}],"about":[{"href":"https:\/\/mastor.cl\/2021\/wp-json\/wp\/v2\/types\/page"}],"author":[{"embeddable":true,"href":"https:\/\/mastor.cl\/2021\/wp-json\/wp\/v2\/users\/2"}],"replies":[{"embeddable":true,"href":"https:\/\/mastor.cl\/2021\/wp-json\/wp\/v2\/comments?post=4021"}],"version-history":[{"count":0,"href":"https:\/\/mastor.cl\/2021\/wp-json\/wp\/v2\/pages\/4021\/revisions"}],"wp:attachment":[{"href":"https:\/\/mastor.cl\/2021\/wp-json\/wp\/v2\/media?parent=4021"}],"curies":[{"name":"wp","href":"https:\/\/api.w.org\/{rel}","templated":true}]}}