{"id":937,"date":"2014-06-08T20:13:24","date_gmt":"2014-06-08T20:13:24","guid":{"rendered":"https:\/\/mastor.cl\/blog\/?page_id=937"},"modified":"2014-06-08T20:13:24","modified_gmt":"2014-06-08T20:13:24","slug":"salud-mental-y-trabajo","status":"publish","type":"page","link":"https:\/\/mastor.cl\/2021\/salud-mental-y-trabajo\/","title":{"rendered":"Salud Mental y Trabajo"},"content":{"rendered":"<p>Video entrevista art\u00edculo en preparaci\u00f3n: <a href=\"https:\/\/mega.nz\/#!Cctzja4D!TAqUX3n3aBenV_ruR2x_OUIU5ApfFwt1MbecJAm4ILw\">El trabajo de Ver\u00f3nica. Un caso de judicializaci\u00f3n de sufrimiento laboral. PDF. 73 pgs<\/a>.<\/p>\n<div class=\"nv-iframe-embed\"><iframe loading=\"lazy\" title=\"Relato de Veronica  Un caso de judicializaci\u00f3n del sufrimiento\" width=\"1200\" height=\"675\" src=\"https:\/\/www.youtube.com\/embed\/3G9JVs3It4k?feature=oembed\" frameborder=\"0\" allow=\"accelerometer; autoplay; clipboard-write; encrypted-media; gyroscope; picture-in-picture; web-share\" allowfullscreen><\/iframe><\/div>\n<pre>20 minutos de extractos de entrevistas para un caso de judicializaci\u00f3n de sufrimiento laboral por medio de Tutela Laboral. \n\nEl video recoge tres momentos; \n25 octubre de 2018, \n26 de noviembre de 2018, \n18 de marzo de 2019.\n\nMinuto 0.31: El trabajo con el perito.\n\nMinuto 10.45. Actitud descalificadora de tribunal para lograr la conciliaci\u00f3n y desvalorizar la demanda.\n\nMinuto 13.30. Impacto de la ley 20.603 en sobrecarga.\n\nMinuto 19.00. \"Usted no crea que se va a llevar dinero de esto\".\nAudio intervenciones de la Jueza en audiencia preparatoria (junio de 2018).\n\n\n<\/pre>\n<p><img loading=\"lazy\" decoding=\"async\" class=\"alignleft wp-image-3211 size-thumbnail\" src=\"https:\/\/mastor.cl\/2021\/wp-content\/uploads\/2014\/06\/logo-tripalio-150x150.jpg\" alt=\"\" width=\"150\" height=\"150\" srcset=\"https:\/\/mastor.cl\/2021\/wp-content\/uploads\/2014\/06\/logo-tripalio-150x150.jpg 150w, https:\/\/mastor.cl\/2021\/wp-content\/uploads\/2014\/06\/logo-tripalio-300x300.jpg 300w, https:\/\/mastor.cl\/2021\/wp-content\/uploads\/2014\/06\/logo-tripalio.jpg 500w\" sizes=\"auto, (max-width: 150px) 100vw, 150px\" \/><\/p>\n<p>El mundo del trabajo ocupa un importante lugar como promotor u obstaculizador de nuestra salud mental.<\/p>\n<p>Si deseas compartir experiencias, intercambiar recursos (informaci\u00f3n, apoyo, reflexiones), o simplemente participar escuchando a trav\u00e9s de herramientas de la <a href=\"http:\/\/www.sociologie-clinique.org\/latinoamerica\/\">sociolog\u00eda cl\u00ednica<\/a> y el <a href=\"https:\/\/mastor.cl\/blog\/2017\/02\/antecedentes-de-soc-clinica-rene-lourau-george-devereux-anzieu-kaes\/\">socioan\u00e1lisis<\/a>, te invitamos a conversar sobre experiencias laborales desde nuestras profesiones y oficios.<\/p>\n<p>Temas: Sufrimiento y placer en el trabajo, autoridad vertical y horizontal, cooperaci\u00f3n, justicia organizacional, g\u00e9nero y generaci\u00f3n, clases sociales, sufrimiento \u00e9tico, hiperactividad profesional, trabajo vivo.<\/p>\n<p><strong>Contacto: marcelo.astorga@u.uchile.cl<\/strong><\/p>\n<p><a href=\"https:\/\/mastor.cl\/2021\/wp-content\/uploads\/2014\/06\/Captura-de-pantalla-2018-07-04-a-las-16.54.58.png\"><img loading=\"lazy\" decoding=\"async\" class=\"alignleft size-full wp-image-3227\" src=\"https:\/\/mastor.cl\/2021\/wp-content\/uploads\/2014\/06\/Captura-de-pantalla-2018-07-04-a-las-16.54.58.png\" alt=\"\" width=\"302\" height=\"225\" srcset=\"https:\/\/mastor.cl\/2021\/wp-content\/uploads\/2014\/06\/Captura-de-pantalla-2018-07-04-a-las-16.54.58.png 302w, https:\/\/mastor.cl\/2021\/wp-content\/uploads\/2014\/06\/Captura-de-pantalla-2018-07-04-a-las-16.54.58-300x224.png 300w\" sizes=\"auto, (max-width: 302px) 100vw, 302px\" \/><\/a><\/p>\n<p><em><strong>Conversaciones sobre trabajo y subjetividad: An\u00e1lisis de Rol<\/strong>. <\/em>Se trata de una herramienta que aporta el socioan\u00e1lisis para comprender los procesos y el sentido del trabajo. Permite otorgar insumos para la elaboraci\u00f3n de situaciones vividas en los lugares de trabajo aportando a la b\u00fasqueda de respuestas.<\/p>\n<p>Ejemplo de caso: \u00abEn el dibujo aparece un joven encerrado por una cadena que simboliza para los Directores el centro de su labor. Los eslabones de la cadena representan el \u201ctrabajo en equipo\u201d que caracteriza su trabajo. Sin embargo, a trav\u00e9s del an\u00e1lisis del dibujo constatan que esta labor est\u00e1 principalmente al servicio de encerrar y encadenar al joven, m\u00e1s que proveer oportunidades de desarrollo, que en el dibujo est\u00e1n todas fuera del espacio en el que el joven permanece. Tomar consciencia del sentido simb\u00f3lico de la cadena como funci\u00f3n de aprisionamiento result\u00f3 una experiencia perturbadora para el grupo\u00bb.<\/p>\n<h6>En <em>\u00abConflictos y dilemas del rol laboral en profesionales del Servicio Nacional de Menores\u00bb<\/em> Mat\u00edas Sanfuentes, Thiare Espinoza y B\u00e1rbara Navarro. En<a href=\"https:\/\/mastor.cl\/blog\/2017\/11\/libro-clinicas-del-trabajo-teoria-e-intervenciones\/\"> Cl\u00ednicas del trabajo. Teor\u00edas e intervenciones<\/a>. Zabala, Guerrero y Besoain editoras. U.A.Hurtado. 2018.<\/h6>\n<p>Ver tambi\u00e9n: <a href=\"https:\/\/play.google.com\/books\/reader?id=glxZDwAAQBAJ&amp;pg=GBS.PA1\">Acu\u00f1a y Sanfuentes (2013). M\u00e9todos socioanal\u00edticos para la gesti\u00f3n y el cambio en las organizaciones. Ed Universitaria<\/a>.<\/p>\n<p><strong>El Contexto actual.<\/strong><\/p>\n<p>Las transformaciones del trabajo en el pa\u00eds y su impacto en la subjetividad, han sido investigadas desde diversas perspectivas y focos dando cuenta de un escenario preocupante respecto al modo en que el trabajo est\u00e1 impactando en la salud mental de la poblaci\u00f3n chilena. Las investigaciones sobre las transformaciones de las empresas chilenas (Ramos; 2005, 2012), los estudios sobre malestar docente (Cornejo, 2008), el levantamiento desarrollado por el MINSAL a trav\u00e9s de la Encuesta Nacional de Trabajo y Salud (ENETS, 2010), los resultados arrojados en torno a la posibilidad de ejercer derechos laborales en la Encuesta Nacional de Derechos Humanos (2011, 2013, 2015), las investigaciones y reflexiones sobre narrativas, identidades de los trabajadores, desmesura laboral y autoridad (Stecher, 2009, 2011, 2012); (Sisto, 2008, 2010, 2014); (Araujo, 2012, 2016) as\u00ed como estudios desde la perspectiva de los riesgos psicosociales en el trabajo (P\u00e9rez Franco, 2016), entre otros, logran perfilar un campo de problemas que invita a profundizar las investigaciones en torno al trabajo en la vida de los chilenos. De paso, se trata de antecedentes que abren la discusi\u00f3n en torno a los debates sobre el descentramiento del trabajo (De la Garza, 2003) dando cuenta de, como se\u00f1ala Godoy (2014), no se debe confundir la p\u00e9rdida de consistencia del empleo que acarrea la flexibilizaci\u00f3n, con el hecho hipot\u00e9tico que el trabajo haya perdido centralidad en la vida de las personas. El trabajo es central en la estructuraci\u00f3n de los tiempos y trayectos en el espacio social, incluso desdibujando los l\u00edmites entre la vida laboral y no laboral.<\/p>\n<p>El premiado corto de Santiago Bou Grasso (2008): \u00abEl empleo\u00bb, puede ilustrar parte de esta tem\u00e1tica:<\/p>\n<div class=\"nv-iframe-embed\"><iframe loading=\"lazy\" title=\"EL EMPLEO \/ THE EMPLOYMENT\" width=\"1200\" height=\"675\" src=\"https:\/\/www.youtube.com\/embed\/cxUuU1jwMgM?feature=oembed\" frameborder=\"0\" allow=\"accelerometer; autoplay; clipboard-write; encrypted-media; gyroscope; picture-in-picture; web-share\" allowfullscreen><\/iframe><\/div>\n<p><strong>BIBLIOGRAFIA PARA COMPARTIR.<\/strong><\/p>\n<p>Este espacio re\u00fane reflexiones sobre relatos de vida, sufrimiento y salud mental en el trabajo, principalmente gracias al apoyo de Tripalio Grupo de Estudio sobre Sufrimiento, Salud Mental y Trabajo\u00a0originado en la <a href=\"http:\/\/facso.cl\/\">Facultad de Ciencias Sociales de la Universidad de Chile<\/a>\u00a0en el a\u00f1o 2014.<\/p>\n<p><a href=\"https:\/\/mastor.cl\/2021\/wp-content\/uploads\/2014\/06\/Congreso-TAS_2015.-Pag-157.pdf\">Congreso TAS_2015. 157 pags<\/a>.<\/p>\n<p><a href=\"https:\/\/mastor.cl\/2021\/wp-content\/uploads\/2016\/09\/TAS-compendio-2016.-366-pgs.-pdf.pdf\">Congreso TAS 2016. 366 p\u00e1gs<\/a>.<br \/>\nhttps:\/\/mastor.cl\/blog\/2016\/09\/estado-del-arte-subjetividad-y-trabajo-en-chile\/<\/p>\n<p>https:\/\/mastor.cl\/blog\/2017\/11\/libro-clinicas-del-trabajo-teoria-e-intervenciones\/<\/p>\n<p>https:\/\/mastor.cl\/blog\/2016\/10\/la-relacion-suicidio-y-trabajo-en-ix-congreso-de-sociologia-de-talca\/<\/p>\n<p>https:\/\/mastor.cl\/blog\/2018\/02\/dubet-experiencias-de-injusticias\/<\/p>\n<p>https:\/\/mastor.cl\/blog\/2018\/02\/emmanuel-renault-sufrimiento-social-e-injusticia\/<\/p>\n<p>https:\/\/mastor.cl\/blog\/2017\/12\/relatos-de-vida-y-sufrimiento-laboral-reflexiones-metodologicas-en-alas-2017\/<\/p>\n<p>https:\/\/mastor.cl\/blog\/2016\/10\/hacia-una-sociologia-del-sufrimiento\/<\/p>\n<p>https:\/\/mastor.cl\/blog\/2016\/09\/simposio-tas-2016\/<\/p>\n<p>https:\/\/mastor.cl\/blog\/2015\/11\/iv-congreso-de-psicodinamica-y-clinica-del-trabajo-manaos-brasil\/<\/p>\n<p>https:\/\/mastor.cl\/blog\/2015\/04\/el-suicidio-como-analizador-del-trabajo-en-chile\/<\/p>\n<p>La pregunta por la salud mental de las y los trabajadore\/es chilena\/os en el modelo de relaciones laborales vigente desde la dictadura nace bajo la constataci\u00f3n epidemiol\u00f3gica de una alta prevalencia de enfermedades y trastornos de salud mental que pudiesen estar asociados al mundo del trabajo, el empleo y en su contexto mayor al modelo econ\u00f3mico neoliberal existente en nuestro pa\u00eds, lo que resulta a su vez atravesado por la existencia de un paradigma de salud mental adaptacionista al mercado de trabajo, el cual reforzar\u00eda el subregistro de las enfermedades ocupacionales y particularmente las mentales.<\/p>\n<p><strong>VIDEOS:<\/strong><\/p>\n<p>Dejours en Argentina:<\/p>\n<p><a href=\"https:\/\/www.youtube.com\/watch?feature=player_embedded&amp;v=pNrtrh8gPto\"><img loading=\"lazy\" decoding=\"async\" class=\"alignright size-full wp-image-944\" src=\"https:\/\/mastor.cl\/2021\/wp-content\/uploads\/2014\/06\/Captura-de-pantalla-2014-06-08-a-las-17.08.26.png\" alt=\"Captura de pantalla 2014-06-08 a la(s) 17.08.26\" width=\"641\" height=\"434\" srcset=\"https:\/\/mastor.cl\/2021\/wp-content\/uploads\/2014\/06\/Captura-de-pantalla-2014-06-08-a-las-17.08.26.png 641w, https:\/\/mastor.cl\/2021\/wp-content\/uploads\/2014\/06\/Captura-de-pantalla-2014-06-08-a-las-17.08.26-300x203.png 300w, https:\/\/mastor.cl\/2021\/wp-content\/uploads\/2014\/06\/Captura-de-pantalla-2014-06-08-a-las-17.08.26-443x300.png 443w\" sizes=\"auto, (max-width: 641px) 100vw, 641px\" \/><\/a><a href=\"https:\/\/unla.academia.edu\/MiriamWlosko\">\u00a0<\/a><strong><a href=\"https:\/\/unla.academia.edu\/MiriamWlosko\">Miriam Wlosko<\/a>\u00a0de la Universidad Nacional de Lan\u00fas, Argentina<\/strong>:<\/p>\n<p><a href=\"https:\/\/www.youtube.com\/watch?feature=player_embedded&amp;v=B-P3lcQcvF4\"><img loading=\"lazy\" decoding=\"async\" class=\"alignright size-full wp-image-945\" src=\"https:\/\/mastor.cl\/2021\/wp-content\/uploads\/2014\/06\/Captura-de-pantalla-2014-06-08-a-las-17.11.18.png\" alt=\"Captura de pantalla 2014-06-08 a la(s) 17.11.18\" width=\"639\" height=\"433\" srcset=\"https:\/\/mastor.cl\/2021\/wp-content\/uploads\/2014\/06\/Captura-de-pantalla-2014-06-08-a-las-17.11.18.png 639w, https:\/\/mastor.cl\/2021\/wp-content\/uploads\/2014\/06\/Captura-de-pantalla-2014-06-08-a-las-17.11.18-300x203.png 300w, https:\/\/mastor.cl\/2021\/wp-content\/uploads\/2014\/06\/Captura-de-pantalla-2014-06-08-a-las-17.11.18-443x300.png 443w\" sizes=\"auto, (max-width: 639px) 100vw, 639px\" \/><\/a><\/p>\n<p><strong>Entrevistas:<\/strong><\/p>\n<p><a href=\"http:\/\/www.istas.net\/pe\/articulo.asp?num=45&amp;pag=12&amp;titulo=Christophe-Dejours-No-hay-trabajo-neutral-para-nuestra-salud-mental\"><img loading=\"lazy\" decoding=\"async\" class=\"alignright size-full wp-image-951\" src=\"https:\/\/mastor.cl\/2021\/wp-content\/uploads\/2014\/06\/Captura-de-pantalla-2014-06-08-a-las-17.27.17.png\" alt=\"Captura de pantalla 2014-06-08 a la(s) 17.27.17\" width=\"825\" height=\"548\" srcset=\"https:\/\/mastor.cl\/2021\/wp-content\/uploads\/2014\/06\/Captura-de-pantalla-2014-06-08-a-las-17.27.17.png 825w, https:\/\/mastor.cl\/2021\/wp-content\/uploads\/2014\/06\/Captura-de-pantalla-2014-06-08-a-las-17.27.17-300x199.png 300w, https:\/\/mastor.cl\/2021\/wp-content\/uploads\/2014\/06\/Captura-de-pantalla-2014-06-08-a-las-17.27.17-768x510.png 768w, https:\/\/mastor.cl\/2021\/wp-content\/uploads\/2014\/06\/Captura-de-pantalla-2014-06-08-a-las-17.27.17-452x300.png 452w\" sizes=\"auto, (max-width: 825px) 100vw, 825px\" \/><\/a><\/p>\n<p><a href=\"http:\/\/www.lacapital.com.ar\/economia\/Christophe-Dejours-en-Rosario-Trabajar-no-es-solo-producir-es-vivir-juntos-20130512-0002.html\"><img loading=\"lazy\" decoding=\"async\" class=\"alignright size-full wp-image-956\" src=\"https:\/\/mastor.cl\/2021\/wp-content\/uploads\/2014\/06\/Captura-de-pantalla-2014-06-08-a-las-18.23.23.png\" alt=\"Captura de pantalla 2014-06-08 a la(s) 18.23.23\" width=\"479\" height=\"533\" srcset=\"https:\/\/mastor.cl\/2021\/wp-content\/uploads\/2014\/06\/Captura-de-pantalla-2014-06-08-a-las-18.23.23.png 479w, https:\/\/mastor.cl\/2021\/wp-content\/uploads\/2014\/06\/Captura-de-pantalla-2014-06-08-a-las-18.23.23-270x300.png 270w\" sizes=\"auto, (max-width: 479px) 100vw, 479px\" \/><\/a><\/p>\n<p><strong>ARTICULOS:<\/strong><\/p>\n<p><img loading=\"lazy\" decoding=\"async\" class=\"alignright wp-image-952 size-full\" src=\"https:\/\/mastor.cl\/2021\/wp-content\/uploads\/2014\/06\/Captura-de-pantalla-2014-06-08-a-las-17.40.38.png\" alt=\"Captura de pantalla 2014-06-08 a la(s) 17.40.38\" width=\"769\" height=\"529\" srcset=\"https:\/\/mastor.cl\/2021\/wp-content\/uploads\/2014\/06\/Captura-de-pantalla-2014-06-08-a-las-17.40.38.png 769w, https:\/\/mastor.cl\/2021\/wp-content\/uploads\/2014\/06\/Captura-de-pantalla-2014-06-08-a-las-17.40.38-300x206.png 300w, https:\/\/mastor.cl\/2021\/wp-content\/uploads\/2014\/06\/Captura-de-pantalla-2014-06-08-a-las-17.40.38-436x300.png 436w\" sizes=\"auto, (max-width: 769px) 100vw, 769px\" \/><\/p>\n<p><a href=\"https:\/\/mega.nz\/#F!LUEEmCqY!e9JJHYAstiQKEwQ1zXKHSw\"><strong>TEXTOS<\/strong><\/a><\/p>\n<p>https:\/\/mastor.cl\/blog\/2014\/05\/trabajo-y-desarrollo-humano-una-relacion-complicada\/<\/p>\n<blockquote class=\"wp-embedded-content\" data-secret=\"oP8zKuIDrr\"><p><a href=\"https:\/\/www.sociologie-clinique.org\/publications\/\">Publications<\/a><\/p><\/blockquote>\n<p><iframe loading=\"lazy\" class=\"wp-embedded-content\" sandbox=\"allow-scripts\" security=\"restricted\" style=\"position: absolute; clip: rect(1px, 1px, 1px, 1px);\" title=\"\u00ab\u00a0Publications\u00a0\u00bb &#8212; R\u00e9seau international de sociologie clinique\" src=\"https:\/\/www.sociologie-clinique.org\/publications\/embed\/#?secret=oP8zKuIDrr\" data-secret=\"oP8zKuIDrr\" width=\"600\" height=\"338\" frameborder=\"0\" marginwidth=\"0\" marginheight=\"0\" scrolling=\"no\"><\/iframe><\/p>\n","protected":false},"excerpt":{"rendered":"<p>Video entrevista art\u00edculo en preparaci\u00f3n: El trabajo de Ver\u00f3nica. Un caso de judicializaci\u00f3n de sufrimiento laboral. PDF. 73 pgs. 20 minutos de extractos de entrevistas para un caso de judicializaci\u00f3n de sufrimiento laboral por medio de Tutela Laboral. El video recoge tres momentos; 25 octubre de 2018, 26 de noviembre de 2018, 18 de marzo&hellip;&nbsp;<a href=\"https:\/\/mastor.cl\/2021\/salud-mental-y-trabajo\/\" rel=\"bookmark\">Leer m\u00e1s &raquo;<span class=\"screen-reader-text\">Salud Mental y Trabajo<\/span><\/a><\/p>\n","protected":false},"author":2,"featured_media":0,"parent":0,"menu_order":0,"comment_status":"open","ping_status":"open","template":"","meta":{"neve_meta_sidebar":"","neve_meta_container":"","neve_meta_enable_content_width":"","neve_meta_content_width":0,"neve_meta_title_alignment":"","neve_meta_author_avatar":"","neve_post_elements_order":"","neve_meta_disable_header":"","neve_meta_disable_footer":"","neve_meta_disable_title":"","footnotes":""},"class_list":["post-937","page","type-page","status-publish","hentry"],"_links":{"self":[{"href":"https:\/\/mastor.cl\/2021\/wp-json\/wp\/v2\/pages\/937","targetHints":{"allow":["GET"]}}],"collection":[{"href":"https:\/\/mastor.cl\/2021\/wp-json\/wp\/v2\/pages"}],"about":[{"href":"https:\/\/mastor.cl\/2021\/wp-json\/wp\/v2\/types\/page"}],"author":[{"embeddable":true,"href":"https:\/\/mastor.cl\/2021\/wp-json\/wp\/v2\/users\/2"}],"replies":[{"embeddable":true,"href":"https:\/\/mastor.cl\/2021\/wp-json\/wp\/v2\/comments?post=937"}],"version-history":[{"count":0,"href":"https:\/\/mastor.cl\/2021\/wp-json\/wp\/v2\/pages\/937\/revisions"}],"wp:attachment":[{"href":"https:\/\/mastor.cl\/2021\/wp-json\/wp\/v2\/media?parent=937"}],"curies":[{"name":"wp","href":"https:\/\/api.w.org\/{rel}","templated":true}]}}